{"id":574,"date":"2021-02-23T10:04:36","date_gmt":"2021-02-23T10:04:36","guid":{"rendered":"https:\/\/chaufflor.com\/index.php\/about-us\/"},"modified":"2024-09-09T07:26:58","modified_gmt":"2024-09-09T07:26:58","slug":"about-us","status":"publish","type":"page","link":"https:\/\/chaufflor.com\/fr\/about-us\/","title":{"rendered":"\u00c0 propos de nous"},"content":{"rendered":"<div data-elementor-type=\"wp-page\" data-elementor-id=\"574\" class=\"elementor elementor-574\" data-elementor-post-type=\"page\">\n\t\t\t\t<div class=\"elementor-element elementor-element-cfd4cfe e-flex e-con-boxed e-con e-parent\" data-id=\"cfd4cfe\" data-element_type=\"container\" data-e-type=\"container\" data-settings=\"{&quot;background_background&quot;:&quot;classic&quot;}\">\n\t\t\t\t\t<div class=\"e-con-inner\">\n\t\t<div class=\"elementor-element elementor-element-4594d91 e-con-full e-flex e-con e-child\" data-id=\"4594d91\" data-element_type=\"container\" data-e-type=\"container\">\n\t\t<div class=\"elementor-element elementor-element-ebc0b8c e-con-full e-flex e-con e-child\" data-id=\"ebc0b8c\" data-element_type=\"container\" data-e-type=\"container\">\n\t\t<div class=\"elementor-element elementor-element-b672023 e-con-full e-flex e-con e-child\" data-id=\"b672023\" data-element_type=\"container\" data-e-type=\"container\">\n\t\t\t\t<div class=\"elementor-element elementor-element-742d4a5 elementor-widget elementor-widget-heading\" data-id=\"742d4a5\" data-element_type=\"widget\" data-e-type=\"widget\" data-widget_type=\"heading.default\">\n\t\t\t\t<div class=\"elementor-widget-container\">\n\t\t\t\t\t<h1 class=\"elementor-heading-title elementor-size-default\">\u00c0 propos de nous<\/h1>\t\t\t\t<\/div>\n\t\t\t\t<\/div>\n\t\t\t\t<div class=\"elementor-element elementor-element-6e73ce6 elementor-widget elementor-widget-heading\" data-id=\"6e73ce6\" data-element_type=\"widget\" data-e-type=\"widget\" data-widget_type=\"heading.default\">\n\t\t\t\t<div class=\"elementor-widget-container\">\n\t\t\t\t\t<h3 class=\"elementor-heading-title elementor-size-small\">Chauffeur\u00a0: les meilleures voitures avec chauffeur \u00e0 Duba\u00ef, \u00c9mirats arabes unis<\/h3>\t\t\t\t<\/div>\n\t\t\t\t<\/div>\n\t\t\t\t<\/div>\n\t\t\t\t<\/div>\n\t\t\t\t<\/div>\n\t\t\t\t\t<\/div>\n\t\t\t\t<\/div>\n\t\t<div class=\"elementor-element elementor-element-e2691fb e-flex e-con-boxed e-con e-parent\" data-id=\"e2691fb\" data-element_type=\"container\" data-e-type=\"container\" data-settings=\"{&quot;background_background&quot;:&quot;classic&quot;}\">\n\t\t\t\t\t<div class=\"e-con-inner\">\n\t\t<div class=\"elementor-element elementor-element-327ed17 e-con-full e-flex e-con e-child\" data-id=\"327ed17\" data-element_type=\"container\" data-e-type=\"container\">\n\t\t\t\t<div class=\"elementor-element elementor-element-c0b3d62 elementor-widget elementor-widget-heading\" data-id=\"c0b3d62\" data-element_type=\"widget\" data-e-type=\"widget\" data-widget_type=\"heading.default\">\n\t\t\t\t<div class=\"elementor-widget-container\">\n\t\t\t\t\t<h6 class=\"elementor-heading-title elementor-size-xl\">Chaufflor<\/h6>\t\t\t\t<\/div>\n\t\t\t\t<\/div>\n\t\t\t\t<div class=\"elementor-element elementor-element-e265782 elementor-widget__width-initial elementor-widget elementor-widget-text-editor\" data-id=\"e265782\" data-element_type=\"widget\" data-e-type=\"widget\" data-widget_type=\"text-editor.default\">\n\t\t\t\t<div class=\"elementor-widget-container\">\n\t\t\t\t\t\t\t\t\t<p>Bienvenue \u00e0 <strong>Chaufflor<\/strong>, votre partenaire premium pour des services de chauffeurs professionnels aux \u00c9mirats arabes unis. Que vous souhaitiez parcourir les rues anim\u00e9es de Duba\u00ef ou entreprendre un voyage passionnant \u00e0 Abou Dabi, nous vous proposons des solutions de transport de luxe in\u00e9gal\u00e9es pour r\u00e9pondre \u00e0 tous vos besoins. Notre mission est de vous offrir une exp\u00e9rience de voyage fluide et haut de gamme, \u00e0 l&#039;image de la sophistication moderne des villes que nous desservons, tout en garantissant confort, s\u00e9curit\u00e9 et commodit\u00e9.<\/p><p>Chez Chaufflor, nous pensons qu&#039;un voyage de luxe ne se r\u00e9sume pas \u00e0 une arriv\u00e9e \u00e0 destination. Il s&#039;agit de profiter du voyage avec style, confiance et s\u00e9r\u00e9nit\u00e9. Nous proposons une large gamme de services, allant de <strong>service de limousine \u00e0 Duba\u00ef<\/strong> \u00e0 <strong>location de fourgonnettes<\/strong>, <strong>transferts a\u00e9roport<\/strong>, <strong>mariages<\/strong>, et plus encore, nous sommes fiers de fournir un service exceptionnel qui laisse une impression durable sur nos clients.<\/p>\t\t\t\t\t\t\t\t<\/div>\n\t\t\t\t<\/div>\n\t\t\t\t<\/div>\n\t\t\t\t\t<\/div>\n\t\t\t\t<\/div>\n\t\t<div class=\"elementor-element elementor-element-a486271 e-flex e-con-boxed e-con e-parent\" data-id=\"a486271\" data-element_type=\"container\" data-e-type=\"container\" data-settings=\"{&quot;background_background&quot;:&quot;classic&quot;}\">\n\t\t\t\t\t<div class=\"e-con-inner\">\n\t\t<div class=\"elementor-element elementor-element-2e46d5e e-con-full e-flex e-con e-child\" data-id=\"2e46d5e\" data-element_type=\"container\" data-e-type=\"container\">\n\t\t<div class=\"elementor-element elementor-element-08e4df0 e-con-full e-flex e-con e-child\" data-id=\"08e4df0\" data-element_type=\"container\" data-e-type=\"container\">\n\t\t<div class=\"elementor-element elementor-element-518bd6e e-con-full e-flex e-con e-child\" data-id=\"518bd6e\" data-element_type=\"container\" data-e-type=\"container\">\n\t\t\t\t<div class=\"elementor-element elementor-element-4e7e6a2 elementor-widget elementor-widget-heading\" data-id=\"4e7e6a2\" data-element_type=\"widget\" data-e-type=\"widget\" data-widget_type=\"heading.default\">\n\t\t\t\t<div class=\"elementor-widget-container\">\n\t\t\t\t\t<h6 class=\"elementor-heading-title elementor-size-default\">\u00c0 propos de nous<\/h6>\t\t\t\t<\/div>\n\t\t\t\t<\/div>\n\t\t\t\t<div class=\"elementor-element elementor-element-138e741 elementor-widget elementor-widget-heading\" data-id=\"138e741\" data-element_type=\"widget\" data-e-type=\"widget\" data-widget_type=\"heading.default\">\n\t\t\t\t<div class=\"elementor-widget-container\">\n\t\t\t\t\t<h2 class=\"elementor-heading-title elementor-size-default\">Nous vous garantissons que votre voyage sera vraiment m\u00e9morable.<\/h2>\t\t\t\t<\/div>\n\t\t\t\t<\/div>\n\t\t\t\t<div class=\"elementor-element elementor-element-17b1849 elementor-widget elementor-widget-text-editor\" data-id=\"17b1849\" data-element_type=\"widget\" data-e-type=\"widget\" data-widget_type=\"text-editor.default\">\n\t\t\t\t<div class=\"elementor-widget-container\">\n\t\t\t\t\t\t\t\t\t<p>Nous proposons des services de voiture avec chauffeur \u00e0 Duba\u00ef depuis cinq ans. Notre mission est d&#039;offrir un service de transport de luxe \u00e0 tous les voyageurs aux \u00c9mirats arabes unis. Chez Chaufflor Service Dubai, vous trouverez des v\u00e9hicules de qualit\u00e9. Nous proposons \u00e9galement des services de luxe pour les transferts a\u00e9roport, les mariages, les r\u00e9unions d&#039;affaires, les \u00e9v\u00e9nements d&#039;entreprise, les visites de la ville, etc.<\/p>\t\t\t\t\t\t\t\t<\/div>\n\t\t\t\t<\/div>\n\t\t\t\t<\/div>\n\t\t<div class=\"elementor-element elementor-element-0330e4d e-con-full e-flex e-con e-child\" data-id=\"0330e4d\" data-element_type=\"container\" data-e-type=\"container\">\n\t\t\t\t<div class=\"elementor-element elementor-element-de09e34 elementor-widget-mobile__width-inherit elementor-hidden-mobile elementor-widget elementor-widget-image\" data-id=\"de09e34\" data-element_type=\"widget\" data-e-type=\"widget\" data-widget_type=\"image.default\">\n\t\t\t\t<div class=\"elementor-widget-container\">\n\t\t\t\t\t\t\t\t\t\t\t\t\t\t\t<img fetchpriority=\"high\" decoding=\"async\" width=\"768\" height=\"512\" src=\"https:\/\/chaufflor.com\/wp-content\/uploads\/2024\/02\/Chaufflor-Chauffeur-Service-1-768x512.webp\" class=\"attachment-medium_large size-medium_large wp-image-3163\" alt=\"Chauffeur Service Dubai Chaufflor\" srcset=\"https:\/\/chaufflor.com\/wp-content\/uploads\/2024\/02\/Chaufflor-Chauffeur-Service-1-768x512.webp 768w, https:\/\/chaufflor.com\/wp-content\/uploads\/2024\/02\/Chaufflor-Chauffeur-Service-1-300x200.webp 300w, https:\/\/chaufflor.com\/wp-content\/uploads\/2024\/02\/Chaufflor-Chauffeur-Service-1-1024x682.webp 1024w, https:\/\/chaufflor.com\/wp-content\/uploads\/2024\/02\/Chaufflor-Chauffeur-Service-1.webp 1148w\" sizes=\"(max-width: 768px) 100vw, 768px\" \/>\t\t\t\t\t\t\t\t\t\t\t\t\t\t\t<\/div>\n\t\t\t\t<\/div>\n\t\t\t\t<\/div>\n\t\t\t\t<\/div>\n\t\t\t\t<\/div>\n\t\t\t\t\t<\/div>\n\t\t\t\t<\/div>\n\t\t<div class=\"elementor-element elementor-element-cc1f3a1 e-flex e-con-boxed e-con e-parent\" data-id=\"cc1f3a1\" data-element_type=\"container\" data-e-type=\"container\" data-settings=\"{&quot;background_background&quot;:&quot;classic&quot;}\">\n\t\t\t\t\t<div class=\"e-con-inner\">\n\t\t<div class=\"elementor-element elementor-element-a6631e8 e-con-full e-flex e-con e-child\" data-id=\"a6631e8\" data-element_type=\"container\" data-e-type=\"container\">\n\t\t\t\t<div class=\"elementor-element elementor-element-42a8325 elementor-widget-tablet__width-inherit elementor-widget elementor-widget-image\" data-id=\"42a8325\" data-element_type=\"widget\" data-e-type=\"widget\" data-widget_type=\"image.default\">\n\t\t\t\t<div class=\"elementor-widget-container\">\n\t\t\t\t\t\t\t\t\t\t\t\t\t\t\t<img decoding=\"async\" width=\"768\" height=\"1371\" src=\"https:\/\/chaufflor.com\/wp-content\/uploads\/2024\/02\/Chaufflor-1-768x1371.webp\" class=\"attachment-medium_large size-medium_large wp-image-3334\" alt=\"\" srcset=\"https:\/\/chaufflor.com\/wp-content\/uploads\/2024\/02\/Chaufflor-1-768x1371.webp 768w, https:\/\/chaufflor.com\/wp-content\/uploads\/2024\/02\/Chaufflor-1-168x300.webp 168w, https:\/\/chaufflor.com\/wp-content\/uploads\/2024\/02\/Chaufflor-1-574x1024.webp 574w, https:\/\/chaufflor.com\/wp-content\/uploads\/2024\/02\/Chaufflor-1-860x1536.webp 860w, https:\/\/chaufflor.com\/wp-content\/uploads\/2024\/02\/Chaufflor-1-1147x2048.webp 1147w, https:\/\/chaufflor.com\/wp-content\/uploads\/2024\/02\/Chaufflor-1.webp 1182w\" sizes=\"(max-width: 768px) 100vw, 768px\" \/>\t\t\t\t\t\t\t\t\t\t\t\t\t\t\t<\/div>\n\t\t\t\t<\/div>\n\t\t\t\t<\/div>\n\t\t<div class=\"elementor-element elementor-element-b351b2a e-con-full e-flex e-con e-child\" data-id=\"b351b2a\" data-element_type=\"container\" data-e-type=\"container\">\n\t\t<div class=\"elementor-element elementor-element-f427ca0 e-con-full e-flex e-con e-child\" data-id=\"f427ca0\" data-element_type=\"container\" data-e-type=\"container\">\n\t\t<div class=\"elementor-element elementor-element-362cb4e e-con-full e-flex e-con e-child\" data-id=\"362cb4e\" data-element_type=\"container\" data-e-type=\"container\">\n\t\t\t\t<div class=\"elementor-element elementor-element-af82ecd elementor-widget elementor-widget-heading\" data-id=\"af82ecd\" data-element_type=\"widget\" data-e-type=\"widget\" data-widget_type=\"heading.default\">\n\t\t\t\t<div class=\"elementor-widget-container\">\n\t\t\t\t\t<h6 class=\"elementor-heading-title elementor-size-default\">Pourquoi nous choisir<\/h6>\t\t\t\t<\/div>\n\t\t\t\t<\/div>\n\t\t\t\t<div class=\"elementor-element elementor-element-e22624f elementor-widget elementor-widget-heading\" data-id=\"e22624f\" data-element_type=\"widget\" data-e-type=\"widget\" data-widget_type=\"heading.default\">\n\t\t\t\t<div class=\"elementor-widget-container\">\n\t\t\t\t\t<h2 class=\"elementor-heading-title elementor-size-default\">Le temps est pr\u00e9cieux : pourquoi attendre, quand vous pouvez rouler avec style avec Chaufflor Service Dubai ?\n<\/h2>\t\t\t\t<\/div>\n\t\t\t\t<\/div>\n\t\t\t\t<div class=\"elementor-element elementor-element-3a27d8e elementor-widget elementor-widget-text-editor\" data-id=\"3a27d8e\" data-element_type=\"widget\" data-e-type=\"widget\" data-widget_type=\"text-editor.default\">\n\t\t\t\t<div class=\"elementor-widget-container\">\n\t\t\t\t\t\t\t\t\t<p>D\u00e9couvrez l&#039;\u00e9l\u00e9gance et la gr\u00e2ce de Duba\u00ef \u00e0 port\u00e9e de main avec Chaufflor Service Duba\u00ef. Depuis 5 ans, nous vous offrons un voyage d&#039;exception et sans stress au c\u0153ur de cette ville fascinante. Que vous soyez r\u00e9sident local ou visiteur enthousiaste, nous vous mettons au volant du luxe \u2013 pas au sens propre, bien s\u00fbr, c&#039;est l\u00e0 que nos chauffeurs exp\u00e9riment\u00e9s entrent en jeu.<\/p><p>Oubliez les taxis ordinaires et les transferts impersonnels. Imaginez-vous vous enfoncer dans le confort douillet d&#039;une \u00e9l\u00e9gante limousine, transport\u00e9e \u00e0 travers des rues ensoleill\u00e9es et des vues \u00e0 couper le souffle. C&#039;est la diff\u00e9rence de Chaufflor Service Dubai. Nous ne nous contentons pas de vous conduire, nous transformons votre trajet en une exp\u00e9rience digne d&#039;un v\u00e9ritable patron.<\/p>\t\t\t\t\t\t\t\t<\/div>\n\t\t\t\t<\/div>\n\t\t\t\t<\/div>\n\t\t\t\t<\/div>\n\t\t<div class=\"elementor-element elementor-element-9af7e88 e-con-full e-flex e-con e-child\" data-id=\"9af7e88\" data-element_type=\"container\" data-e-type=\"container\">\n\t\t<div class=\"elementor-element elementor-element-eb739a9 e-con-full e-flex e-con e-child\" data-id=\"eb739a9\" data-element_type=\"container\" data-e-type=\"container\">\n\t\t\t\t<div class=\"elementor-element elementor-element-f7c6410 elementor-widget elementor-widget-heading\" data-id=\"f7c6410\" data-element_type=\"widget\" data-e-type=\"widget\" data-widget_type=\"heading.default\">\n\t\t\t\t<div class=\"elementor-widget-container\">\n\t\t\t\t\t<h2 class=\"elementor-heading-title elementor-size-default\">1.<\/h2>\t\t\t\t<\/div>\n\t\t\t\t<\/div>\n\t\t\t\t<div class=\"elementor-element elementor-element-c3fb53b elementor-widget elementor-widget-heading\" data-id=\"c3fb53b\" data-element_type=\"widget\" data-e-type=\"widget\" data-widget_type=\"heading.default\">\n\t\t\t\t<div class=\"elementor-widget-container\">\n\t\t\t\t\t<h5 class=\"elementor-heading-title elementor-size-default\">Disponibilit\u00e9 et assistance 24h\/24 et 7j\/7<\/h5>\t\t\t\t<\/div>\n\t\t\t\t<\/div>\n\t\t\t\t<\/div>\n\t\t<div class=\"elementor-element elementor-element-1fdc885 e-con-full e-flex e-con e-child\" data-id=\"1fdc885\" data-element_type=\"container\" data-e-type=\"container\">\n\t\t\t\t<div class=\"elementor-element elementor-element-4d6add2 elementor-widget elementor-widget-heading\" data-id=\"4d6add2\" data-element_type=\"widget\" data-e-type=\"widget\" data-widget_type=\"heading.default\">\n\t\t\t\t<div class=\"elementor-widget-container\">\n\t\t\t\t\t<h2 class=\"elementor-heading-title elementor-size-default\">2.<\/h2>\t\t\t\t<\/div>\n\t\t\t\t<\/div>\n\t\t\t\t<div class=\"elementor-element elementor-element-338a80c elementor-widget elementor-widget-heading\" data-id=\"338a80c\" data-element_type=\"widget\" data-e-type=\"widget\" data-widget_type=\"heading.default\">\n\t\t\t\t<div class=\"elementor-widget-container\">\n\t\t\t\t\t<h5 class=\"elementor-heading-title elementor-size-default\">Processus de r\u00e9servation sans effort<\/h5>\t\t\t\t<\/div>\n\t\t\t\t<\/div>\n\t\t\t\t<\/div>\n\t\t<div class=\"elementor-element elementor-element-aa9181a e-con-full e-flex e-con e-child\" data-id=\"aa9181a\" data-element_type=\"container\" data-e-type=\"container\">\n\t\t\t\t<div class=\"elementor-element elementor-element-3385d15 elementor-widget elementor-widget-heading\" data-id=\"3385d15\" data-element_type=\"widget\" data-e-type=\"widget\" data-widget_type=\"heading.default\">\n\t\t\t\t<div class=\"elementor-widget-container\">\n\t\t\t\t\t<h2 class=\"elementor-heading-title elementor-size-default\">3.<\/h2>\t\t\t\t<\/div>\n\t\t\t\t<\/div>\n\t\t\t\t<div class=\"elementor-element elementor-element-01d2873 elementor-widget elementor-widget-heading\" data-id=\"01d2873\" data-element_type=\"widget\" data-e-type=\"widget\" data-widget_type=\"heading.default\">\n\t\t\t\t<div class=\"elementor-widget-container\">\n\t\t\t\t\t<h5 class=\"elementor-heading-title elementor-size-default\">chauffeur de voiture professionnel<\/h5>\t\t\t\t<\/div>\n\t\t\t\t<\/div>\n\t\t\t\t<\/div>\n\t\t<div class=\"elementor-element elementor-element-e3938ba e-con-full e-flex e-con e-child\" data-id=\"e3938ba\" data-element_type=\"container\" data-e-type=\"container\">\n\t\t\t\t<div class=\"elementor-element elementor-element-05aeb1c elementor-widget elementor-widget-heading\" data-id=\"05aeb1c\" data-element_type=\"widget\" data-e-type=\"widget\" data-widget_type=\"heading.default\">\n\t\t\t\t<div class=\"elementor-widget-container\">\n\t\t\t\t\t<h2 class=\"elementor-heading-title elementor-size-default\">4.<\/h2>\t\t\t\t<\/div>\n\t\t\t\t<\/div>\n\t\t\t\t<div class=\"elementor-element elementor-element-64994b0 elementor-widget elementor-widget-heading\" data-id=\"64994b0\" data-element_type=\"widget\" data-e-type=\"widget\" data-widget_type=\"heading.default\">\n\t\t\t\t<div class=\"elementor-widget-container\">\n\t\t\t\t\t<h5 class=\"elementor-heading-title elementor-size-default\">Flotte diversifi\u00e9e de v\u00e9hicules<\/h5>\t\t\t\t<\/div>\n\t\t\t\t<\/div>\n\t\t\t\t<\/div>\n\t\t\t\t<\/div>\n\t\t\t\t<\/div>\n\t\t\t\t\t<\/div>\n\t\t\t\t<\/div>\n\t\t<div class=\"elementor-element elementor-element-cd81999 e-con-full e-flex e-con e-parent\" data-id=\"cd81999\" data-element_type=\"container\" data-e-type=\"container\">\n\t\t\t\t<div class=\"elementor-element elementor-element-570005e elementor-widget elementor-widget-template\" data-id=\"570005e\" data-element_type=\"widget\" data-e-type=\"widget\" data-widget_type=\"template.default\">\n\t\t\t\t<div class=\"elementor-widget-container\">\n\t\t\t\t\t\t\t<div class=\"elementor-template\">\n\t\t\t\t\t<div data-elementor-type=\"container\" data-elementor-id=\"2443\" class=\"elementor elementor-2443\" data-elementor-post-type=\"elementor_library\">\n\t\t\t\t<div class=\"elementor-element elementor-element-529874d6 e-flex e-con-boxed e-con e-parent\" data-id=\"529874d6\" data-element_type=\"container\" data-e-type=\"container\" data-settings=\"{&quot;background_background&quot;:&quot;classic&quot;}\">\n\t\t\t\t\t<div class=\"e-con-inner\">\n\t\t<div class=\"elementor-element elementor-element-1fc47ac7 e-con-full e-flex e-con e-child\" data-id=\"1fc47ac7\" data-element_type=\"container\" data-e-type=\"container\">\n\t\t<div class=\"elementor-element elementor-element-7d39c211 e-con-full e-flex e-con e-child\" data-id=\"7d39c211\" data-element_type=\"container\" data-e-type=\"container\">\n\t\t<div class=\"elementor-element elementor-element-4568d2e6 e-con-full e-flex e-con e-child\" data-id=\"4568d2e6\" data-element_type=\"container\" data-e-type=\"container\">\n\t\t\t\t<div class=\"elementor-element elementor-element-2d94aac3 elementor-widget elementor-widget-heading\" data-id=\"2d94aac3\" data-element_type=\"widget\" data-e-type=\"widget\" data-widget_type=\"heading.default\">\n\t\t\t\t<div class=\"elementor-widget-container\">\n\t\t\t\t\t<h2 class=\"elementor-heading-title elementor-size-default\">CHAUFFEUR.<\/h2>\t\t\t\t<\/div>\n\t\t\t\t<\/div>\n\t\t\t\t<div class=\"elementor-element elementor-element-150e60c2 elementor-widget elementor-widget-heading\" data-id=\"150e60c2\" data-element_type=\"widget\" data-e-type=\"widget\" data-widget_type=\"heading.default\">\n\t\t\t\t<div class=\"elementor-widget-container\">\n\t\t\t\t\t<h3 class=\"elementor-heading-title elementor-size-default\">Meilleurs services de chauffeur Non seulement pour les visites de la ville, les r\u00e9unions d&#039;affaires, les mariages, les transferts d&#039;a\u00e9roport et les \u00e9v\u00e9nements, mais partout o\u00f9 vous voulez aller.<\/h3>\t\t\t\t<\/div>\n\t\t\t\t<\/div>\n\t\t\t\t<\/div>\n\t\t\t\t<\/div>\n\t\t<div class=\"elementor-element elementor-element-4990817 e-con-full e-flex e-con e-child\" data-id=\"4990817\" data-element_type=\"container\" data-e-type=\"container\">\n\t\t<div class=\"elementor-element elementor-element-10b887b e-con-full e-flex e-con e-child\" data-id=\"10b887b\" data-element_type=\"container\" data-e-type=\"container\">\n\t\t\t\t<div class=\"elementor-element elementor-element-28a366a6 elementor-widget elementor-widget-heading\" data-id=\"28a366a6\" data-element_type=\"widget\" data-e-type=\"widget\" data-widget_type=\"heading.default\">\n\t\t\t\t<div class=\"elementor-widget-container\">\n\t\t\t\t\t<h6 class=\"elementor-heading-title elementor-size-default\">Appelez-nous:<\/h6>\t\t\t\t<\/div>\n\t\t\t\t<\/div>\n\t\t\t\t<div class=\"elementor-element elementor-element-648b0106 elementor-widget elementor-widget-heading\" data-id=\"648b0106\" data-element_type=\"widget\" data-e-type=\"widget\" data-widget_type=\"heading.default\">\n\t\t\t\t<div class=\"elementor-widget-container\">\n\t\t\t\t\t<h3 class=\"elementor-heading-title elementor-size-default\"><a href=\"tel:+971567670967\">+971 56 767 0967<\/a><\/h3>\t\t\t\t<\/div>\n\t\t\t\t<\/div>\n\t\t\t\t<\/div>\n\t\t\t\t<\/div>\n\t\t\t\t<\/div>\n\t\t\t\t\t<\/div>\n\t\t\t\t<\/div>\n\t\t\t\t<\/div>\n\t\t\t\t<\/div>\n\t\t\t\t\t\t<\/div>\n\t\t\t\t<\/div>\n\t\t\t\t<\/div>\n\t\t\t\t<\/div>","protected":false},"excerpt":{"rendered":"<p>About Us Chaufflor: Best Chauffeur Driven Cars in Dubai, UAE Chaufflor Welcome to Chaufflor, your premium partner for professional chauffeur [&hellip;]<\/p>\n","protected":false},"author":2,"featured_media":0,"parent":0,"menu_order":0,"comment_status":"closed","ping_status":"closed","template":"","meta":{"site-sidebar-layout":"no-sidebar","site-content-layout":"page-builder","ast-site-content-layout":"full-width-container","site-content-style":"unboxed","site-sidebar-style":"unboxed","ast-global-header-display":"","ast-banner-title-visibility":"","ast-main-header-display":"","ast-hfb-above-header-display":"","ast-hfb-below-header-display":"","ast-hfb-mobile-header-display":"","site-post-title":"disabled","ast-breadcrumbs-content":"disabled","ast-featured-img":"disabled","footer-sml-layout":"","ast-disable-related-posts":"","theme-transparent-header-meta":"enabled","adv-header-id-meta":"","stick-header-meta":"default","header-above-stick-meta":"","header-main-stick-meta":"","header-below-stick-meta":"","astra-migrate-meta-layouts":"set","ast-page-background-enabled":"default","ast-page-background-meta":{"desktop":{"background-color":"","background-image":"","background-repeat":"repeat","background-position":"center center","background-size":"auto","background-attachment":"scroll","background-type":"","background-media":"","overlay-type":"","overlay-color":"","overlay-opacity":"","overlay-gradient":""},"tablet":{"background-color":"","background-image":"","background-repeat":"repeat","background-position":"center center","background-size":"auto","background-attachment":"scroll","background-type":"","background-media":"","overlay-type":"","overlay-color":"","overlay-opacity":"","overlay-gradient":""},"mobile":{"background-color":"","background-image":"","background-repeat":"repeat","background-position":"center center","background-size":"auto","background-attachment":"scroll","background-type":"","background-media":"","overlay-type":"","overlay-color":"","overlay-opacity":"","overlay-gradient":""}},"ast-content-background-meta":{"desktop":{"background-color":"var(--ast-global-color-5)","background-image":"","background-repeat":"repeat","background-position":"center center","background-size":"auto","background-attachment":"scroll","background-type":"","background-media":"","overlay-type":"","overlay-color":"","overlay-opacity":"","overlay-gradient":""},"tablet":{"background-color":"var(--ast-global-color-5)","background-image":"","background-repeat":"repeat","background-position":"center center","background-size":"auto","background-attachment":"scroll","background-type":"","background-media":"","overlay-type":"","overlay-color":"","overlay-opacity":"","overlay-gradient":""},"mobile":{"background-color":"var(--ast-global-color-5)","background-image":"","background-repeat":"repeat","background-position":"center center","background-size":"auto","background-attachment":"scroll","background-type":"","background-media":"","overlay-type":"","overlay-color":"","overlay-opacity":"","overlay-gradient":""}},"footnotes":""},"class_list":["post-574","page","type-page","status-publish","hentry"],"_links":{"self":[{"href":"https:\/\/chaufflor.com\/fr\/wp-json\/wp\/v2\/pages\/574","targetHints":{"allow":["GET"]}}],"collection":[{"href":"https:\/\/chaufflor.com\/fr\/wp-json\/wp\/v2\/pages"}],"about":[{"href":"https:\/\/chaufflor.com\/fr\/wp-json\/wp\/v2\/types\/page"}],"author":[{"embeddable":true,"href":"https:\/\/chaufflor.com\/fr\/wp-json\/wp\/v2\/users\/2"}],"replies":[{"embeddable":true,"href":"https:\/\/chaufflor.com\/fr\/wp-json\/wp\/v2\/comments?post=574"}],"version-history":[{"count":0,"href":"https:\/\/chaufflor.com\/fr\/wp-json\/wp\/v2\/pages\/574\/revisions"}],"wp:attachment":[{"href":"https:\/\/chaufflor.com\/fr\/wp-json\/wp\/v2\/media?parent=574"}],"curies":[{"name":"wp","href":"https:\/\/api.w.org\/{rel}","templated":true}]}}