{"id":2587,"date":"2024-01-20T12:53:29","date_gmt":"2024-01-20T12:53:29","guid":{"rendered":"https:\/\/chaufflor.com\/?page_id=2587"},"modified":"2025-01-23T09:26:26","modified_gmt":"2025-01-23T09:26:26","slug":"frequently-asked-questions","status":"publish","type":"page","link":"https:\/\/chaufflor.com\/fr\/frequently-asked-questions\/","title":{"rendered":"Questions fr\u00e9quemment pos\u00e9es"},"content":{"rendered":"<div data-elementor-type=\"wp-page\" data-elementor-id=\"2587\" class=\"elementor elementor-2587\" data-elementor-post-type=\"page\">\n\t\t\t\t<div class=\"elementor-element elementor-element-0e3a8da e-flex e-con-boxed e-con e-parent\" data-id=\"0e3a8da\" data-element_type=\"container\" data-e-type=\"container\" data-settings=\"{&quot;background_background&quot;:&quot;classic&quot;}\">\n\t\t\t\t\t<div class=\"e-con-inner\">\n\t\t<div class=\"elementor-element elementor-element-2a12004 e-con-full e-flex e-con e-child\" data-id=\"2a12004\" data-element_type=\"container\" data-e-type=\"container\">\n\t\t<div class=\"elementor-element elementor-element-511262e e-con-full e-flex e-con e-child\" data-id=\"511262e\" data-element_type=\"container\" data-e-type=\"container\">\n\t\t<div class=\"elementor-element elementor-element-148312d e-flex e-con-boxed e-con e-child\" data-id=\"148312d\" data-element_type=\"container\" data-e-type=\"container\">\n\t\t\t\t\t<div class=\"e-con-inner\">\n\t\t\t\t<div class=\"elementor-element elementor-element-708d7e6 elementor-widget elementor-widget-heading\" data-id=\"708d7e6\" data-element_type=\"widget\" data-e-type=\"widget\" data-widget_type=\"heading.default\">\n\t\t\t\t<div class=\"elementor-widget-container\">\n\t\t\t\t\t<h1 class=\"elementor-heading-title elementor-size-default\">Questions fr\u00e9quemment pos\u00e9es<\/h1>\t\t\t\t<\/div>\n\t\t\t\t<\/div>\n\t\t\t\t\t<\/div>\n\t\t\t\t<\/div>\n\t\t\t\t<\/div>\n\t\t\t\t<\/div>\n\t\t\t\t\t<\/div>\n\t\t\t\t<\/div>\n\t\t<div class=\"elementor-element elementor-element-dfe24b4 e-flex e-con-boxed e-con e-parent\" data-id=\"dfe24b4\" data-element_type=\"container\" data-e-type=\"container\" data-settings=\"{&quot;background_background&quot;:&quot;classic&quot;}\">\n\t\t\t\t\t<div class=\"e-con-inner\">\n\t\t<div class=\"elementor-element elementor-element-9b8c8e7 e-flex e-con-boxed e-con e-child\" data-id=\"9b8c8e7\" data-element_type=\"container\" data-e-type=\"container\" data-settings=\"{&quot;background_background&quot;:&quot;classic&quot;}\">\n\t\t\t\t\t<div class=\"e-con-inner\">\n\t\t\t\t<div class=\"elementor-element elementor-element-de89e8f elementor-widget__width-initial elementor-widget elementor-widget-jet-accordion\" data-id=\"de89e8f\" data-element_type=\"widget\" data-e-type=\"widget\" data-widget_type=\"jet-accordion.default\">\n\t\t\t\t<div class=\"elementor-widget-container\">\n\t\t\t\t\t\t\t\t\t<div class=\"jet-accordion\" data-settings=\"{&quot;collapsible&quot;:true,&quot;ajaxTemplate&quot;:false,&quot;switchScrolling&quot;:false,&quot;switchScrollingOffset&quot;:0,&quot;switchScrollingDelay&quot;:500}\">\n\t\t\t<div class=\"jet-accordion__inner\">\n\t\t\t\t<div class=\"jet-accordion__item jet-toggle jet-toggle-move-up-effect\">\n\t\t\t\t\t\t\t<div id=\"jet-toggle-control-2331\" class=\"jet-toggle__control elementor-menu-anchor\" data-toggle=\"1\" role=\"button\" tabindex=\"0\" aria-controls=\"jet-toggle-content-2331\" aria-expanded=\"false\" data-template-id=\"2560\">\n\t\t\t\t\t\t\t\t<div class=\"jet-toggle__label-text\">Fournissez-vous des si\u00e8ges enfants avec les voitures de location ?<\/div>\t\t\t\t\t\t\t<\/div>\n\t\t\t\t\t\t\t<div id=\"jet-toggle-content-2331\" class=\"jet-toggle__content\" data-toggle=\"1\" role=\"region\" data-template-id=\"2560\">\n\t\t\t\t\t\t\t\t<div class=\"jet-toggle__content-inner\">Nous proposons des si\u00e8ges enfants de haute qualit\u00e9, adapt\u00e9s \u00e0 tous les \u00e2ges, pour une s\u00e9curit\u00e9 optimale lors des transferts. Veuillez nous informer \u00e0 l&#039;avance de la taille et de l&#039;\u00e2ge de votre enfant.<\/div>\n\t\t\t\t\t\t\t<\/div>\n\t\t\t\t\t\t<\/div><div class=\"jet-accordion__item jet-toggle jet-toggle-move-up-effect\">\n\t\t\t\t\t\t\t<div id=\"jet-toggle-control-2332\" class=\"jet-toggle__control elementor-menu-anchor\" data-toggle=\"2\" role=\"button\" tabindex=\"0\" aria-controls=\"jet-toggle-content-2332\" aria-expanded=\"false\" data-template-id=\"2560\">\n\t\t\t\t\t\t\t\t<div class=\"jet-toggle__label-text\">Puis-je r\u00e9server votre service de voiture avec chauffeur pour un forfait mensuel ?<\/div>\t\t\t\t\t\t\t<\/div>\n\t\t\t\t\t\t\t<div id=\"jet-toggle-content-2332\" class=\"jet-toggle__content\" data-toggle=\"2\" role=\"region\" data-template-id=\"2560\">\n\t\t\t\t\t\t\t\t<div class=\"jet-toggle__content-inner\">Oui, nous proposons des forfaits mensuels personnalis\u00e9s de voiture avec chauffeur pour les transferts r\u00e9guliers \u00e0 l&#039;a\u00e9roport, les trajets au bureau ou d&#039;autres d\u00e9placements r\u00e9p\u00e9titifs en r\u00e9servant \u00e0 l&#039;avance.<\/div>\n\t\t\t\t\t\t\t<\/div>\n\t\t\t\t\t\t<\/div><div class=\"jet-accordion__item jet-toggle jet-toggle-move-up-effect\">\n\t\t\t\t\t\t\t<div id=\"jet-toggle-control-2333\" class=\"jet-toggle__control elementor-menu-anchor\" data-toggle=\"3\" role=\"button\" tabindex=\"0\" aria-controls=\"jet-toggle-content-2333\" aria-expanded=\"false\" data-template-id=\"2560\">\n\t\t\t\t\t\t\t\t<div class=\"jet-toggle__label-text\">Puis-je utiliser votre service de voiture avec chauffeur pour un voyage de safari dans le d\u00e9sert ?<\/div>\t\t\t\t\t\t\t<\/div>\n\t\t\t\t\t\t\t<div id=\"jet-toggle-content-2333\" class=\"jet-toggle__content\" data-toggle=\"3\" role=\"region\" data-template-id=\"2560\">\n\t\t\t\t\t\t\t\t<div class=\"jet-toggle__content-inner\">Nous proposons un transport fiable vers les meilleurs camps de safari dans le d\u00e9sert de Duba\u00ef. Nos v\u00e9hicules confortables et climatis\u00e9s vous garantissent un voyage \u00e9l\u00e9gant.<\/div>\n\t\t\t\t\t\t\t<\/div>\n\t\t\t\t\t\t<\/div><div class=\"jet-accordion__item jet-toggle jet-toggle-move-up-effect\">\n\t\t\t\t\t\t\t<div id=\"jet-toggle-control-2334\" class=\"jet-toggle__control elementor-menu-anchor\" data-toggle=\"4\" role=\"button\" tabindex=\"0\" aria-controls=\"jet-toggle-content-2334\" aria-expanded=\"false\" data-template-id=\"2560\">\n\t\t\t\t\t\t\t\t<div class=\"jet-toggle__label-text\">Le paiement peut-il \u00eatre effectu\u00e9 en esp\u00e8ces ?<\/div>\t\t\t\t\t\t\t<\/div>\n\t\t\t\t\t\t\t<div id=\"jet-toggle-content-2334\" class=\"jet-toggle__content\" data-toggle=\"4\" role=\"region\" data-template-id=\"2560\">\n\t\t\t\t\t\t\t\t<div class=\"jet-toggle__content-inner\">Oui, nous acceptons les paiements en esp\u00e8ces en AED ou en USD, selon les tarifs indiqu\u00e9s. Des re\u00e7us vous seront fournis. Les cartes de cr\u00e9dit et les paiements num\u00e9riques sont \u00e9galement accept\u00e9s.<\/div>\n\t\t\t\t\t\t\t<\/div>\n\t\t\t\t\t\t<\/div><div class=\"jet-accordion__item jet-toggle jet-toggle-move-up-effect\">\n\t\t\t\t\t\t\t<div id=\"jet-toggle-control-2335\" class=\"jet-toggle__control elementor-menu-anchor\" data-toggle=\"5\" role=\"button\" tabindex=\"0\" aria-controls=\"jet-toggle-content-2335\" aria-expanded=\"false\" data-template-id=\"2560\">\n\t\t\t\t\t\t\t\t<div class=\"jet-toggle__label-text\">Vos chauffeurs parlent-ils anglais ?<\/div>\t\t\t\t\t\t\t<\/div>\n\t\t\t\t\t\t\t<div id=\"jet-toggle-content-2335\" class=\"jet-toggle__content\" data-toggle=\"5\" role=\"region\" data-template-id=\"2560\">\n\t\t\t\t\t\t\t\t<div class=\"jet-toggle__content-inner\">Oui, tous nos chauffeurs suivent une formation rigoureuse et peuvent parler couramment l&#039;anglais ainsi que l&#039;arabe et d&#039;autres langues comme l&#039;ourdou, l&#039;hindi, etc.<\/div>\n\t\t\t\t\t\t\t<\/div>\n\t\t\t\t\t\t<\/div><div class=\"jet-accordion__item jet-toggle jet-toggle-move-up-effect\">\n\t\t\t\t\t\t\t<div id=\"jet-toggle-control-2336\" class=\"jet-toggle__control elementor-menu-anchor\" data-toggle=\"6\" role=\"button\" tabindex=\"0\" aria-controls=\"jet-toggle-content-2336\" aria-expanded=\"false\" data-template-id=\"2560\">\n\t\t\t\t\t\t\t\t<div class=\"jet-toggle__label-text\">Comment vos chauffeurs sont-ils s\u00e9lectionn\u00e9s en termes de fiabilit\u00e9 et de s\u00e9curit\u00e9 ?<\/div>\t\t\t\t\t\t\t<\/div>\n\t\t\t\t\t\t\t<div id=\"jet-toggle-content-2336\" class=\"jet-toggle__content\" data-toggle=\"6\" role=\"region\" data-template-id=\"2560\">\n\t\t\t\t\t\t\t\t<div class=\"jet-toggle__content-inner\">Nous effectuons des v\u00e9rifications approfondies des ant\u00e9c\u00e9dents, des s\u00e9lections, des v\u00e9rifications des qualifications et des analyses du dossier de conduite avant d&#039;embaucher nos chauffeurs. Ils suivent \u00e9galement une formation au service client et \u00e0 la conduite d\u00e9fensive.<\/div>\n\t\t\t\t\t\t\t<\/div>\n\t\t\t\t\t\t<\/div><div class=\"jet-accordion__item jet-toggle jet-toggle-move-up-effect\">\n\t\t\t\t\t\t\t<div id=\"jet-toggle-control-2337\" class=\"jet-toggle__control elementor-menu-anchor\" data-toggle=\"7\" role=\"button\" tabindex=\"0\" aria-controls=\"jet-toggle-content-2337\" aria-expanded=\"false\" data-template-id=\"2560\">\n\t\t\t\t\t\t\t\t<div class=\"jet-toggle__label-text\">Combien de temps \u00e0 l\u2019avance dois-je r\u00e9server des voyages \u00e0 destination d\u2019Abou Dhabi ou au-del\u00e0 ?<\/div>\t\t\t\t\t\t\t<\/div>\n\t\t\t\t\t\t\t<div id=\"jet-toggle-content-2337\" class=\"jet-toggle__content\" data-toggle=\"7\" role=\"region\" data-template-id=\"2560\">\n\t\t\t\t\t\t\t\t<div class=\"jet-toggle__content-inner\">Nous vous recommandons de r\u00e9server vos d\u00e9placements inter-\u00e9mirats au moins 48 heures \u00e0 l&#039;avance. Moins si possible, pour une planification optimale des v\u00e9hicules, des chauffeurs et des permis.<\/div>\n\t\t\t\t\t\t\t<\/div>\n\t\t\t\t\t\t<\/div><div class=\"jet-accordion__item jet-toggle jet-toggle-move-up-effect\">\n\t\t\t\t\t\t\t<div id=\"jet-toggle-control-2338\" class=\"jet-toggle__control elementor-menu-anchor\" data-toggle=\"8\" role=\"button\" tabindex=\"0\" aria-controls=\"jet-toggle-content-2338\" aria-expanded=\"false\" data-template-id=\"2560\">\n\t\t\t\t\t\t\t\t<div class=\"jet-toggle__label-text\">Quels services suppl\u00e9mentaires le chauffeur propose-t-il ?<\/div>\t\t\t\t\t\t\t<\/div>\n\t\t\t\t\t\t\t<div id=\"jet-toggle-content-2338\" class=\"jet-toggle__content\" data-toggle=\"8\" role=\"region\" data-template-id=\"2560\">\n\t\t\t\t\t\t\t\t<div class=\"jet-toggle__content-inner\">Les services comprennent le ramassage\/d\u00e9pose porte-\u00e0-porte, la surveillance des vols et l&#039;accueil dans les a\u00e9roports, l&#039;accueil sur tapis rouge, l&#039;assistance aux bagages, les rafra\u00eechissements, l&#039;acc\u00e8s WiFi pendant les voyages, etc.<\/div>\n\t\t\t\t\t\t\t<\/div>\n\t\t\t\t\t\t<\/div><div class=\"jet-accordion__item jet-toggle jet-toggle-move-up-effect\">\n\t\t\t\t\t\t\t<div id=\"jet-toggle-control-2339\" class=\"jet-toggle__control elementor-menu-anchor\" data-toggle=\"9\" role=\"button\" tabindex=\"0\" aria-controls=\"jet-toggle-content-2339\" aria-expanded=\"false\" data-template-id=\"2560\">\n\t\t\t\t\t\t\t\t<div class=\"jet-toggle__label-text\">Quelle est la proc\u00e9dure pour les r\u00e9servations de derni\u00e8re minute ?<\/div>\t\t\t\t\t\t\t<\/div>\n\t\t\t\t\t\t\t<div id=\"jet-toggle-content-2339\" class=\"jet-toggle__content\" data-toggle=\"9\" role=\"region\" data-template-id=\"2560\">\n\t\t\t\t\t\t\t\t<div class=\"jet-toggle__content-inner\">Nous disposons d&#039;une \u00e9quipe d\u00e9di\u00e9e \u00e0 la gestion des r\u00e9servations urgentes. Sous r\u00e9serve de disponibilit\u00e9 d&#039;un v\u00e9hicule, nous pouvons organiser des transferts a\u00e9roport ou des trajets locaux rapidement.<\/div>\n\t\t\t\t\t\t\t<\/div>\n\t\t\t\t\t\t<\/div><div class=\"jet-accordion__item jet-toggle jet-toggle-move-up-effect\">\n\t\t\t\t\t\t\t<div id=\"jet-toggle-control-23310\" class=\"jet-toggle__control elementor-menu-anchor\" data-toggle=\"10\" role=\"button\" tabindex=\"0\" aria-controls=\"jet-toggle-content-23310\" aria-expanded=\"false\" data-template-id=\"2560\">\n\t\t\t\t\t\t\t\t<div class=\"jet-toggle__label-text\">Quels v\u00e9hicules proposez-vous pour votre service de chauffeur ?<\/div>\t\t\t\t\t\t\t<\/div>\n\t\t\t\t\t\t\t<div id=\"jet-toggle-content-23310\" class=\"jet-toggle__content\" data-toggle=\"10\" role=\"region\" data-template-id=\"2560\">\n\t\t\t\t\t\t\t\t<div class=\"jet-toggle__content-inner\">Nous proposons des v\u00e9hicules de luxe comme la Mercedes Classe S, la BMW S\u00e9rie 7, l&#039;Audi A8, le Range Rover et la Rolls Royce. Notre flotte comprend des berlines, des SUV, des fourgonnettes et des autocars de luxe.<\/div>\n\t\t\t\t\t\t\t<\/div>\n\t\t\t\t\t\t<\/div>\t\t\t<\/div>\n\t\t<\/div>\n\t\t\t\t\t\t<\/div>\n\t\t\t\t<\/div>\n\t\t\t\t\t<\/div>\n\t\t\t\t<\/div>\n\t\t\t\t\t<\/div>\n\t\t\t\t<\/div>\n\t\t\t\t<\/div>","protected":false},"excerpt":{"rendered":"","protected":false},"author":2,"featured_media":0,"parent":0,"menu_order":0,"comment_status":"closed","ping_status":"closed","template":"","meta":{"site-sidebar-layout":"no-sidebar","site-content-layout":"page-builder","ast-site-content-layout":"full-width-container","site-content-style":"default","site-sidebar-style":"default","ast-global-header-display":"","ast-banner-title-visibility":"","ast-main-header-display":"","ast-hfb-above-header-display":"","ast-hfb-below-header-display":"","ast-hfb-mobile-header-display":"","site-post-title":"disabled","ast-breadcrumbs-content":"","ast-featured-img":"disabled","footer-sml-layout":"","ast-disable-related-posts":"","theme-transparent-header-meta":"default","adv-header-id-meta":"","stick-header-meta":"default","header-above-stick-meta":"","header-main-stick-meta":"","header-below-stick-meta":"","astra-migrate-meta-layouts":"set","ast-page-background-enabled":"default","ast-page-background-meta":{"desktop":{"background-color":"","background-image":"","background-repeat":"repeat","background-position":"center center","background-size":"auto","background-attachment":"scroll","background-type":"","background-media":"","overlay-type":"","overlay-color":"","overlay-opacity":"","overlay-gradient":""},"tablet":{"background-color":"","background-image":"","background-repeat":"repeat","background-position":"center center","background-size":"auto","background-attachment":"scroll","background-type":"","background-media":"","overlay-type":"","overlay-color":"","overlay-opacity":"","overlay-gradient":""},"mobile":{"background-color":"","background-image":"","background-repeat":"repeat","background-position":"center center","background-size":"auto","background-attachment":"scroll","background-type":"","background-media":"","overlay-type":"","overlay-color":"","overlay-opacity":"","overlay-gradient":""}},"ast-content-background-meta":{"desktop":{"background-color":"var(--ast-global-color-5)","background-image":"","background-repeat":"repeat","background-position":"center center","background-size":"auto","background-attachment":"scroll","background-type":"","background-media":"","overlay-type":"","overlay-color":"","overlay-opacity":"","overlay-gradient":""},"tablet":{"background-color":"var(--ast-global-color-5)","background-image":"","background-repeat":"repeat","background-position":"center center","background-size":"auto","background-attachment":"scroll","background-type":"","background-media":"","overlay-type":"","overlay-color":"","overlay-opacity":"","overlay-gradient":""},"mobile":{"background-color":"var(--ast-global-color-5)","background-image":"","background-repeat":"repeat","background-position":"center center","background-size":"auto","background-attachment":"scroll","background-type":"","background-media":"","overlay-type":"","overlay-color":"","overlay-opacity":"","overlay-gradient":""}},"footnotes":""},"class_list":["post-2587","page","type-page","status-publish","hentry"],"_links":{"self":[{"href":"https:\/\/chaufflor.com\/fr\/wp-json\/wp\/v2\/pages\/2587","targetHints":{"allow":["GET"]}}],"collection":[{"href":"https:\/\/chaufflor.com\/fr\/wp-json\/wp\/v2\/pages"}],"about":[{"href":"https:\/\/chaufflor.com\/fr\/wp-json\/wp\/v2\/types\/page"}],"author":[{"embeddable":true,"href":"https:\/\/chaufflor.com\/fr\/wp-json\/wp\/v2\/users\/2"}],"replies":[{"embeddable":true,"href":"https:\/\/chaufflor.com\/fr\/wp-json\/wp\/v2\/comments?post=2587"}],"version-history":[{"count":0,"href":"https:\/\/chaufflor.com\/fr\/wp-json\/wp\/v2\/pages\/2587\/revisions"}],"wp:attachment":[{"href":"https:\/\/chaufflor.com\/fr\/wp-json\/wp\/v2\/media?parent=2587"}],"curies":[{"name":"wp","href":"https:\/\/api.w.org\/{rel}","templated":true}]}}