{"id":2587,"date":"2024-01-20T12:53:29","date_gmt":"2024-01-20T12:53:29","guid":{"rendered":"https:\/\/chaufflor.com\/?page_id=2587"},"modified":"2025-01-23T09:26:26","modified_gmt":"2025-01-23T09:26:26","slug":"frequently-asked-questions","status":"publish","type":"page","link":"https:\/\/chaufflor.com\/es\/frequently-asked-questions\/","title":{"rendered":"Preguntas frecuentes"},"content":{"rendered":"<div data-elementor-type=\"wp-page\" data-elementor-id=\"2587\" class=\"elementor elementor-2587\" data-elementor-post-type=\"page\">\n\t\t\t\t<div class=\"elementor-element elementor-element-0e3a8da e-flex e-con-boxed e-con e-parent\" data-id=\"0e3a8da\" data-element_type=\"container\" data-e-type=\"container\" data-settings=\"{&quot;background_background&quot;:&quot;classic&quot;}\">\n\t\t\t\t\t<div class=\"e-con-inner\">\n\t\t<div class=\"elementor-element elementor-element-2a12004 e-con-full e-flex e-con e-child\" data-id=\"2a12004\" data-element_type=\"container\" data-e-type=\"container\">\n\t\t<div class=\"elementor-element elementor-element-511262e e-con-full e-flex e-con e-child\" data-id=\"511262e\" data-element_type=\"container\" data-e-type=\"container\">\n\t\t<div class=\"elementor-element elementor-element-148312d e-flex e-con-boxed e-con e-child\" data-id=\"148312d\" data-element_type=\"container\" data-e-type=\"container\">\n\t\t\t\t\t<div class=\"e-con-inner\">\n\t\t\t\t<div class=\"elementor-element elementor-element-708d7e6 elementor-widget elementor-widget-heading\" data-id=\"708d7e6\" data-element_type=\"widget\" data-e-type=\"widget\" data-widget_type=\"heading.default\">\n\t\t\t\t<div class=\"elementor-widget-container\">\n\t\t\t\t\t<h1 class=\"elementor-heading-title elementor-size-default\">Preguntas frecuentes<\/h1>\t\t\t\t<\/div>\n\t\t\t\t<\/div>\n\t\t\t\t\t<\/div>\n\t\t\t\t<\/div>\n\t\t\t\t<\/div>\n\t\t\t\t<\/div>\n\t\t\t\t\t<\/div>\n\t\t\t\t<\/div>\n\t\t<div class=\"elementor-element elementor-element-dfe24b4 e-flex e-con-boxed e-con e-parent\" data-id=\"dfe24b4\" data-element_type=\"container\" data-e-type=\"container\" data-settings=\"{&quot;background_background&quot;:&quot;classic&quot;}\">\n\t\t\t\t\t<div class=\"e-con-inner\">\n\t\t<div class=\"elementor-element elementor-element-9b8c8e7 e-flex e-con-boxed e-con e-child\" data-id=\"9b8c8e7\" data-element_type=\"container\" data-e-type=\"container\" data-settings=\"{&quot;background_background&quot;:&quot;classic&quot;}\">\n\t\t\t\t\t<div class=\"e-con-inner\">\n\t\t\t\t<div class=\"elementor-element elementor-element-de89e8f elementor-widget__width-initial elementor-widget elementor-widget-jet-accordion\" data-id=\"de89e8f\" data-element_type=\"widget\" data-e-type=\"widget\" data-widget_type=\"jet-accordion.default\">\n\t\t\t\t<div class=\"elementor-widget-container\">\n\t\t\t\t\t\t\t\t\t<div class=\"jet-accordion\" data-settings=\"{&quot;collapsible&quot;:true,&quot;ajaxTemplate&quot;:false,&quot;switchScrolling&quot;:false,&quot;switchScrollingOffset&quot;:0,&quot;switchScrollingDelay&quot;:500}\">\n\t\t\t<div class=\"jet-accordion__inner\">\n\t\t\t\t<div class=\"jet-accordion__item jet-toggle jet-toggle-move-up-effect\">\n\t\t\t\t\t\t\t<div id=\"jet-toggle-control-2331\" class=\"jet-toggle__control elementor-menu-anchor\" data-toggle=\"1\" role=\"button\" tabindex=\"0\" aria-controls=\"jet-toggle-content-2331\" aria-expanded=\"false\" data-template-id=\"2560\">\n\t\t\t\t\t\t\t\t<div class=\"jet-toggle__label-text\">\u00bfProporcion\u00e1is asientos para ni\u00f1os con los coches de alquiler?<\/div>\t\t\t\t\t\t\t<\/div>\n\t\t\t\t\t\t\t<div id=\"jet-toggle-content-2331\" class=\"jet-toggle__content\" data-toggle=\"1\" role=\"region\" data-template-id=\"2560\">\n\t\t\t\t\t\t\t\t<div class=\"jet-toggle__content-inner\">Ofrecemos sillas infantiles de alta calidad, aptas para todas las edades, para mayor seguridad durante los traslados. Por favor, informe con antelaci\u00f3n sobre la talla y la edad.<\/div>\n\t\t\t\t\t\t\t<\/div>\n\t\t\t\t\t\t<\/div><div class=\"jet-accordion__item jet-toggle jet-toggle-move-up-effect\">\n\t\t\t\t\t\t\t<div id=\"jet-toggle-control-2332\" class=\"jet-toggle__control elementor-menu-anchor\" data-toggle=\"2\" role=\"button\" tabindex=\"0\" aria-controls=\"jet-toggle-content-2332\" aria-expanded=\"false\" data-template-id=\"2560\">\n\t\t\t\t\t\t\t\t<div class=\"jet-toggle__label-text\">\u00bfPuedo reservar su servicio de coche con chofer con un plan mensual?<\/div>\t\t\t\t\t\t\t<\/div>\n\t\t\t\t\t\t\t<div id=\"jet-toggle-content-2332\" class=\"jet-toggle__content\" data-toggle=\"2\" role=\"region\" data-template-id=\"2560\">\n\t\t\t\t\t\t\t\t<div class=\"jet-toggle__content-inner\">S\u00ed, ofrecemos alquileres mensuales personalizados de autom\u00f3viles con chofer para traslados regulares al aeropuerto, viajes a la oficina u otros viajes repetitivos con reserva previa.<\/div>\n\t\t\t\t\t\t\t<\/div>\n\t\t\t\t\t\t<\/div><div class=\"jet-accordion__item jet-toggle jet-toggle-move-up-effect\">\n\t\t\t\t\t\t\t<div id=\"jet-toggle-control-2333\" class=\"jet-toggle__control elementor-menu-anchor\" data-toggle=\"3\" role=\"button\" tabindex=\"0\" aria-controls=\"jet-toggle-content-2333\" aria-expanded=\"false\" data-template-id=\"2560\">\n\t\t\t\t\t\t\t\t<div class=\"jet-toggle__label-text\">\u00bfPuedo utilizar su servicio de coche con chofer para un viaje de safari por el desierto?<\/div>\t\t\t\t\t\t\t<\/div>\n\t\t\t\t\t\t\t<div id=\"jet-toggle-content-2333\" class=\"jet-toggle__content\" data-toggle=\"3\" role=\"region\" data-template-id=\"2560\">\n\t\t\t\t\t\t\t\t<div class=\"jet-toggle__content-inner\">Definitivamente, ofrecemos transporte confiable a los mejores campamentos de safari en el desierto de Dub\u00e1i. Nuestros c\u00f3modos veh\u00edculos con aire acondicionado le garantizan un viaje con estilo.<\/div>\n\t\t\t\t\t\t\t<\/div>\n\t\t\t\t\t\t<\/div><div class=\"jet-accordion__item jet-toggle jet-toggle-move-up-effect\">\n\t\t\t\t\t\t\t<div id=\"jet-toggle-control-2334\" class=\"jet-toggle__control elementor-menu-anchor\" data-toggle=\"4\" role=\"button\" tabindex=\"0\" aria-controls=\"jet-toggle-content-2334\" aria-expanded=\"false\" data-template-id=\"2560\">\n\t\t\t\t\t\t\t\t<div class=\"jet-toggle__label-text\">\u00bfSe puede realizar el pago en efectivo?<\/div>\t\t\t\t\t\t\t<\/div>\n\t\t\t\t\t\t\t<div id=\"jet-toggle-content-2334\" class=\"jet-toggle__content\" data-toggle=\"4\" role=\"region\" data-template-id=\"2560\">\n\t\t\t\t\t\t\t\t<div class=\"jet-toggle__content-inner\">S\u00ed, aceptamos pagos en efectivo en AED o USD seg\u00fan las tarifas publicadas. Se entregar\u00e1n recibos. Tambi\u00e9n se aceptan tarjetas de cr\u00e9dito y pagos digitales.<\/div>\n\t\t\t\t\t\t\t<\/div>\n\t\t\t\t\t\t<\/div><div class=\"jet-accordion__item jet-toggle jet-toggle-move-up-effect\">\n\t\t\t\t\t\t\t<div id=\"jet-toggle-control-2335\" class=\"jet-toggle__control elementor-menu-anchor\" data-toggle=\"5\" role=\"button\" tabindex=\"0\" aria-controls=\"jet-toggle-content-2335\" aria-expanded=\"false\" data-template-id=\"2560\">\n\t\t\t\t\t\t\t\t<div class=\"jet-toggle__label-text\">\u00bfSus choferes hablan ingl\u00e9s?<\/div>\t\t\t\t\t\t\t<\/div>\n\t\t\t\t\t\t\t<div id=\"jet-toggle-content-2335\" class=\"jet-toggle__content\" data-toggle=\"5\" role=\"region\" data-template-id=\"2560\">\n\t\t\t\t\t\t\t\t<div class=\"jet-toggle__content-inner\">S\u00ed, todos nuestros choferes reciben una formaci\u00f3n rigurosa y pueden hablar ingl\u00e9s con fluidez, adem\u00e1s de \u00e1rabe y algunos otros idiomas como urdu, hindi, etc.<\/div>\n\t\t\t\t\t\t\t<\/div>\n\t\t\t\t\t\t<\/div><div class=\"jet-accordion__item jet-toggle jet-toggle-move-up-effect\">\n\t\t\t\t\t\t\t<div id=\"jet-toggle-control-2336\" class=\"jet-toggle__control elementor-menu-anchor\" data-toggle=\"6\" role=\"button\" tabindex=\"0\" aria-controls=\"jet-toggle-content-2336\" aria-expanded=\"false\" data-template-id=\"2560\">\n\t\t\t\t\t\t\t\t<div class=\"jet-toggle__label-text\">\u00bfC\u00f3mo se eval\u00faa la confiabilidad y seguridad de sus choferes?<\/div>\t\t\t\t\t\t\t<\/div>\n\t\t\t\t\t\t\t<div id=\"jet-toggle-content-2336\" class=\"jet-toggle__content\" data-toggle=\"6\" role=\"region\" data-template-id=\"2560\">\n\t\t\t\t\t\t\t\t<div class=\"jet-toggle__content-inner\">Realizamos exhaustivas verificaciones de antecedentes, selecci\u00f3n, verificaci\u00f3n de credenciales y revisi\u00f3n del historial de conducci\u00f3n antes de contratar choferes. Adem\u00e1s, reciben capacitaci\u00f3n en servicio al cliente y conducci\u00f3n defensiva.<\/div>\n\t\t\t\t\t\t\t<\/div>\n\t\t\t\t\t\t<\/div><div class=\"jet-accordion__item jet-toggle jet-toggle-move-up-effect\">\n\t\t\t\t\t\t\t<div id=\"jet-toggle-control-2337\" class=\"jet-toggle__control elementor-menu-anchor\" data-toggle=\"7\" role=\"button\" tabindex=\"0\" aria-controls=\"jet-toggle-content-2337\" aria-expanded=\"false\" data-template-id=\"2560\">\n\t\t\t\t\t\t\t\t<div class=\"jet-toggle__label-text\">\u00bfCon cu\u00e1nta anticipaci\u00f3n debo reservar viajes a Abu Dhabi o m\u00e1s all\u00e1?<\/div>\t\t\t\t\t\t\t<\/div>\n\t\t\t\t\t\t\t<div id=\"jet-toggle-content-2337\" class=\"jet-toggle__content\" data-toggle=\"7\" role=\"region\" data-template-id=\"2560\">\n\t\t\t\t\t\t\t\t<div class=\"jet-toggle__content-inner\">Recomendamos reservar los viajes entre emiratos con al menos 48 horas de antelaci\u00f3n. Si es posible, con menos tiempo para facilitar la planificaci\u00f3n de veh\u00edculos, conductores y permisos.<\/div>\n\t\t\t\t\t\t\t<\/div>\n\t\t\t\t\t\t<\/div><div class=\"jet-accordion__item jet-toggle jet-toggle-move-up-effect\">\n\t\t\t\t\t\t\t<div id=\"jet-toggle-control-2338\" class=\"jet-toggle__control elementor-menu-anchor\" data-toggle=\"8\" role=\"button\" tabindex=\"0\" aria-controls=\"jet-toggle-content-2338\" aria-expanded=\"false\" data-template-id=\"2560\">\n\t\t\t\t\t\t\t\t<div class=\"jet-toggle__label-text\">\u00bfQu\u00e9 servicios adicionales ofrece el chofer?<\/div>\t\t\t\t\t\t\t<\/div>\n\t\t\t\t\t\t\t<div id=\"jet-toggle-content-2338\" class=\"jet-toggle__content\" data-toggle=\"8\" role=\"region\" data-template-id=\"2560\">\n\t\t\t\t\t\t\t\t<div class=\"jet-toggle__content-inner\">Los servicios incluyen recogida y entrega puerta a puerta, seguimiento de vuelos y recepci\u00f3n en aeropuertos, bienvenida en alfombra roja, asistencia con equipaje, refrigerios, acceso WiFi durante los viajes, etc.<\/div>\n\t\t\t\t\t\t\t<\/div>\n\t\t\t\t\t\t<\/div><div class=\"jet-accordion__item jet-toggle jet-toggle-move-up-effect\">\n\t\t\t\t\t\t\t<div id=\"jet-toggle-control-2339\" class=\"jet-toggle__control elementor-menu-anchor\" data-toggle=\"9\" role=\"button\" tabindex=\"0\" aria-controls=\"jet-toggle-content-2339\" aria-expanded=\"false\" data-template-id=\"2560\">\n\t\t\t\t\t\t\t\t<div class=\"jet-toggle__label-text\">\u00bfCu\u00e1l es el proceso para reservas de \u00faltimo minuto?<\/div>\t\t\t\t\t\t\t<\/div>\n\t\t\t\t\t\t\t<div id=\"jet-toggle-content-2339\" class=\"jet-toggle__content\" data-toggle=\"9\" role=\"region\" data-template-id=\"2560\">\n\t\t\t\t\t\t\t\t<div class=\"jet-toggle__content-inner\">Contamos con un equipo dedicado a gestionar reservas urgentes. Si hay un veh\u00edculo disponible, podemos organizar traslados al aeropuerto o viajes locales con poca antelaci\u00f3n.<\/div>\n\t\t\t\t\t\t\t<\/div>\n\t\t\t\t\t\t<\/div><div class=\"jet-accordion__item jet-toggle jet-toggle-move-up-effect\">\n\t\t\t\t\t\t\t<div id=\"jet-toggle-control-23310\" class=\"jet-toggle__control elementor-menu-anchor\" data-toggle=\"10\" role=\"button\" tabindex=\"0\" aria-controls=\"jet-toggle-content-23310\" aria-expanded=\"false\" data-template-id=\"2560\">\n\t\t\t\t\t\t\t\t<div class=\"jet-toggle__label-text\">\u00bfQu\u00e9 veh\u00edculos ofrec\u00e9is para vuestro servicio de chofer?<\/div>\t\t\t\t\t\t\t<\/div>\n\t\t\t\t\t\t\t<div id=\"jet-toggle-content-23310\" class=\"jet-toggle__content\" data-toggle=\"10\" role=\"region\" data-template-id=\"2560\">\n\t\t\t\t\t\t\t\t<div class=\"jet-toggle__content-inner\">Ofrecemos veh\u00edculos de lujo como Mercedes Clase S, BMW Serie 7, Audi A8, Range Rover y Rolls Royce. Disponemos de berlinas, SUV, furgonetas y autobuses de lujo en nuestra flota.<\/div>\n\t\t\t\t\t\t\t<\/div>\n\t\t\t\t\t\t<\/div>\t\t\t<\/div>\n\t\t<\/div>\n\t\t\t\t\t\t<\/div>\n\t\t\t\t<\/div>\n\t\t\t\t\t<\/div>\n\t\t\t\t<\/div>\n\t\t\t\t\t<\/div>\n\t\t\t\t<\/div>\n\t\t\t\t<\/div>","protected":false},"excerpt":{"rendered":"","protected":false},"author":2,"featured_media":0,"parent":0,"menu_order":0,"comment_status":"closed","ping_status":"closed","template":"","meta":{"site-sidebar-layout":"no-sidebar","site-content-layout":"page-builder","ast-site-content-layout":"full-width-container","site-content-style":"default","site-sidebar-style":"default","ast-global-header-display":"","ast-banner-title-visibility":"","ast-main-header-display":"","ast-hfb-above-header-display":"","ast-hfb-below-header-display":"","ast-hfb-mobile-header-display":"","site-post-title":"disabled","ast-breadcrumbs-content":"","ast-featured-img":"disabled","footer-sml-layout":"","ast-disable-related-posts":"","theme-transparent-header-meta":"default","adv-header-id-meta":"","stick-header-meta":"default","header-above-stick-meta":"","header-main-stick-meta":"","header-below-stick-meta":"","astra-migrate-meta-layouts":"set","ast-page-background-enabled":"default","ast-page-background-meta":{"desktop":{"background-color":"","background-image":"","background-repeat":"repeat","background-position":"center center","background-size":"auto","background-attachment":"scroll","background-type":"","background-media":"","overlay-type":"","overlay-color":"","overlay-opacity":"","overlay-gradient":""},"tablet":{"background-color":"","background-image":"","background-repeat":"repeat","background-position":"center center","background-size":"auto","background-attachment":"scroll","background-type":"","background-media":"","overlay-type":"","overlay-color":"","overlay-opacity":"","overlay-gradient":""},"mobile":{"background-color":"","background-image":"","background-repeat":"repeat","background-position":"center center","background-size":"auto","background-attachment":"scroll","background-type":"","background-media":"","overlay-type":"","overlay-color":"","overlay-opacity":"","overlay-gradient":""}},"ast-content-background-meta":{"desktop":{"background-color":"var(--ast-global-color-5)","background-image":"","background-repeat":"repeat","background-position":"center center","background-size":"auto","background-attachment":"scroll","background-type":"","background-media":"","overlay-type":"","overlay-color":"","overlay-opacity":"","overlay-gradient":""},"tablet":{"background-color":"var(--ast-global-color-5)","background-image":"","background-repeat":"repeat","background-position":"center center","background-size":"auto","background-attachment":"scroll","background-type":"","background-media":"","overlay-type":"","overlay-color":"","overlay-opacity":"","overlay-gradient":""},"mobile":{"background-color":"var(--ast-global-color-5)","background-image":"","background-repeat":"repeat","background-position":"center center","background-size":"auto","background-attachment":"scroll","background-type":"","background-media":"","overlay-type":"","overlay-color":"","overlay-opacity":"","overlay-gradient":""}},"footnotes":""},"class_list":["post-2587","page","type-page","status-publish","hentry"],"_links":{"self":[{"href":"https:\/\/chaufflor.com\/es\/wp-json\/wp\/v2\/pages\/2587","targetHints":{"allow":["GET"]}}],"collection":[{"href":"https:\/\/chaufflor.com\/es\/wp-json\/wp\/v2\/pages"}],"about":[{"href":"https:\/\/chaufflor.com\/es\/wp-json\/wp\/v2\/types\/page"}],"author":[{"embeddable":true,"href":"https:\/\/chaufflor.com\/es\/wp-json\/wp\/v2\/users\/2"}],"replies":[{"embeddable":true,"href":"https:\/\/chaufflor.com\/es\/wp-json\/wp\/v2\/comments?post=2587"}],"version-history":[{"count":0,"href":"https:\/\/chaufflor.com\/es\/wp-json\/wp\/v2\/pages\/2587\/revisions"}],"wp:attachment":[{"href":"https:\/\/chaufflor.com\/es\/wp-json\/wp\/v2\/media?parent=2587"}],"curies":[{"name":"wp","href":"https:\/\/api.w.org\/{rel}","templated":true}]}}