{"id":3,"date":"2023-12-16T07:17:34","date_gmt":"2023-12-16T07:17:34","guid":{"rendered":"https:\/\/chaufflor.com\/?page_id=3"},"modified":"2025-01-23T09:27:31","modified_gmt":"2025-01-23T09:27:31","slug":"privacy-policy","status":"publish","type":"page","link":"https:\/\/chaufflor.com\/de\/privacy-policy\/","title":{"rendered":"Datenschutzrichtlinie"},"content":{"rendered":"<div data-elementor-type=\"wp-page\" data-elementor-id=\"3\" class=\"elementor elementor-3\" data-elementor-post-type=\"page\">\n\t\t\t\t<div class=\"elementor-element elementor-element-662c70a8 e-flex e-con-boxed e-con e-parent\" data-id=\"662c70a8\" data-element_type=\"container\" data-e-type=\"container\">\n\t\t\t\t\t<div class=\"e-con-inner\">\n\t\t\t\t<div class=\"elementor-element elementor-element-f1d2e25 elementor-widget elementor-widget-text-editor\" data-id=\"f1d2e25\" data-element_type=\"widget\" data-e-type=\"widget\" data-widget_type=\"text-editor.default\">\n\t\t\t\t<div class=\"elementor-widget-container\">\n\t\t\t\t\t\t\t\t\t<p><b style=\"font-style: inherit; text-align: var(--text-align); background-color: var(--ast-global-color-5); color: var(--ast-global-color-3);\"><span style=\"font-family: &quot;Times New Roman&quot;;\">VON Chaufflor GESAMMELTE INFORMATIONEN<\/span><\/b><br><\/p><p><span style=\"mso-spacerun:'yes';font-family:'Times New Roman';font-size:12.0000pt;mso-font-kerning:0.0000pt;\">Das ist Chaufflor (<\/span><span style=\"mso-spacerun:'yes';font-family:'Times New Roman';font-size:12.0000pt;mso-font-kerning:0.0000pt;\">&nbsp;<\/span><a href=\"https:\/\/chaufflor.com\/de\/\"><u><span style=\"font-family: &quot;Times New Roman&quot;; color: rgb(0, 0, 255);\">https:\/\/chaufflor.com\/<\/span><\/u><\/a><span style=\"mso-spacerun:'yes';font-family:'Times New Roman';font-size:12.0000pt;mso-font-kerning:0.0000pt;\">&nbsp;<\/span><span style=\"mso-spacerun:'yes';font-family:'Times New Roman';font-size:12.0000pt;mso-font-kerning:0.0000pt;\">) Online-Datenschutzrichtlinie (\u201eRichtlinie\u201c). Diese Richtlinie gilt nur f\u00fcr Aktivit\u00e4ten, die Chaufflor auf seiner Website durchf\u00fchrt, und gilt nicht f\u00fcr Chaufflor-Aktivit\u00e4ten, die \u201eoffline\u201c oder in keinem Zusammenhang mit der Website stehen.<\/span><span style=\"mso-spacerun:'yes';font-family:'Times New Roman';font-size:12.0000pt;mso-font-kerning:0.0000pt;\"><o:p><\/o:p><\/span><\/p><p><span style=\"mso-spacerun:'yes';font-family:'Times New Roman';font-size:12.0000pt;mso-font-kerning:0.0000pt;\">Chaufflor erhebt bestimmte anonyme Daten zur Nutzung der Website. Diese Informationen lassen weder allein noch in Kombination mit anderen Informationen R\u00fcckschl\u00fcsse auf die Identit\u00e4t des Nutzers zu und werden erhoben, um die Leistung der Website zu verbessern. Die von der Chaufflor-Website erhobenen anonymen Daten k\u00f6nnen Informationen wie den von Ihnen verwendeten Browsertyp und die Dauer Ihres Besuchs auf der Website enthalten. Sie werden m\u00f6glicherweise auch aufgefordert, auf der Chaufflor-Website personenbezogene Daten anzugeben, darunter Ihren Namen, Ihre Adresse, Telefonnummer und E-Mail-Adresse. Diese Informationen k\u00f6nnen erfasst werden, wenn Sie Feedback oder E-Mails an Chaufflor senden, sich f\u00fcr Dienste registrieren oder \u00fcber die Website Eink\u00e4ufe t\u00e4tigen. In all diesen F\u00e4llen haben Sie die M\u00f6glichkeit, uns personenbezogene Daten zur Verf\u00fcgung zu stellen.<\/span><span style=\"mso-spacerun:'yes';font-family:'Times New Roman';font-size:12.0000pt;mso-font-kerning:0.0000pt;\"><o:p><\/o:p><\/span><\/p><p><b><span style=\"font-family: &quot;Times New Roman&quot;;\">1. VERWENDUNG UND OFFENLEGUNG VON INFORMATIONEN<\/span><\/b><span style=\"mso-spacerun:'yes';font-family:'Times New Roman';font-size:12.0000pt;mso-font-kerning:0.0000pt;\"><o:p><\/o:p><\/span><\/p><p><span style=\"mso-spacerun:'yes';font-family:'Times New Roman';font-size:12.0000pt;mso-font-kerning:0.0000pt;\">Sofern nachstehend nicht anders angegeben, verkaufen, tauschen oder vermieten wir Ihre auf der Website gesammelten personenbezogenen Daten nicht an Dritte. Die von unserer Website gesammelten Informationen werden verwendet, um Bestellungen zu bearbeiten, Sie \u00fcber Ihren Bestellstatus auf dem Laufenden zu halten, Sie \u00fcber Produkte oder Sonderangebote zu informieren, die f\u00fcr Sie von Interesse sein k\u00f6nnten, und f\u00fcr statistische Zwecke zur Verbesserung unserer Website. Wir geben Ihre Lieferinformationen gegebenenfalls an Dritte weiter, um Ihre Bestellung zu verfolgen oder Ihren Scheck oder Ihre Zahlungsanweisung zu verarbeiten, Ihre Bestellung auszuf\u00fchren, die Funktionalit\u00e4t unserer Website zu verbessern, statistische und Datenanalysen durchzuf\u00fchren, Ihre Bestellung auszuliefern und Ihnen Werbe-E-Mails von uns zu senden. Beispielsweise m\u00fcssen wir Ihre Postanschrift an den Lieferdienst weitergeben, um die von Ihnen bestellten Produkte auszuliefern.<\/span><span style=\"mso-spacerun:'yes';font-family:'Times New Roman';font-size:12.0000pt;mso-font-kerning:0.0000pt;\"><o:p><\/o:p><\/span><\/p><p><b><span style=\"font-family: &quot;Times New Roman&quot;;\">2. KREDIT-\/DEBITKARTEN<\/span><\/b><span style=\"mso-spacerun:'yes';font-family:'Times New Roman';font-size:12.0000pt;mso-font-kerning:0.0000pt;\"><o:p><\/o:p><\/span><\/p><p><span style=\"mso-spacerun:'yes';font-family:'Times New Roman';font-size:12.0000pt;mso-font-kerning:0.0000pt;\">Alle Kredit-\/Debitkartendaten und personenbezogenen Daten werden NICHT gespeichert, verkauft, weitergegeben, vermietet oder an Dritte verpachtet.<\/span><span style=\"mso-spacerun:'yes';font-family:'Times New Roman';font-size:12.0000pt;mso-font-kerning:0.0000pt;\"><o:p><\/o:p><\/span><\/p><p><b><span style=\"font-family: &quot;Times New Roman&quot;;\">KEKSE<\/span><\/b><span style=\"mso-spacerun:'yes';font-family:'Times New Roman';font-size:12.0000pt;mso-font-kerning:0.0000pt;\"><o:p><\/o:p><\/span><\/p><p><span style=\"mso-spacerun:'yes';font-family:'Times New Roman';font-size:12.0000pt;mso-font-kerning:0.0000pt;\">Cookies sind kleine Datenmengen, die im Browser eines Benutzers zwischengespeichert werden. Chaufflor verwendet Cookies, um festzustellen, ob Sie die Homepage in der Vergangenheit bereits besucht haben. Es werden jedoch keine weiteren Benutzerinformationen erfasst.<\/span><span style=\"mso-spacerun:'yes';font-family:'Times New Roman';font-size:12.0000pt;mso-font-kerning:0.0000pt;\"><o:p><\/o:p><\/span><\/p><p><span style=\"mso-spacerun:'yes';font-family:'Times New Roman';font-size:12.0000pt;mso-font-kerning:0.0000pt;\">Chaufflor kann nicht-personenbezogene \u201eaggregierte Daten\u201c verwenden, um die Funktionsweise unserer Website zu verbessern oder das Interesse an bestimmten Bereichen unserer Website zu analysieren. Wenn Sie Chaufflor Inhalte zur Ver\u00f6ffentlichung oder f\u00fcr Feedback zur Verf\u00fcgung stellen, k\u00f6nnen wir mit Ihrer Zustimmung Ihren Benutzernamen oder andere identifizierende Daten ver\u00f6ffentlichen.<\/span><span style=\"mso-spacerun:'yes';font-family:'Times New Roman';font-size:12.0000pt;mso-font-kerning:0.0000pt;\"><o:p><\/o:p><\/span><\/p><p><span style=\"mso-spacerun:'yes';font-family:'Times New Roman';font-size:12.0000pt;mso-font-kerning:0.0000pt;\">Chaufflor kann personenbezogene Daten auch weitergeben, um Vorladungen, Gerichtsbeschl\u00fcssen oder \u00e4hnlichen Anfragen nachzukommen. Chaufflor kann diese personenbezogenen Daten auch auf Anfrage einer Strafverfolgungsbeh\u00f6rde oder aufgrund gesetzlicher Vorschriften weitergeben. Ihre personenbezogenen Daten k\u00f6nnen weitergegeben werden, wenn Chaufflor Insolvenz anmeldet oder im Rahmen geplanter oder durchgef\u00fchrter Unternehmensumstrukturierungen, wie Fusionen oder \u00dcbernahmen, Verm\u00f6genswerte oder Eigentumsverh\u00e4ltnisse von Chaufflor \u00fcbertragen werden.<\/span><span style=\"mso-spacerun:'yes';font-family:'Times New Roman';font-size:12.0000pt;mso-font-kerning:0.0000pt;\"><o:p><\/o:p><\/span><\/p><p><b><span style=\"font-family: &quot;Times New Roman&quot;;\">3. SICHERHEIT<\/span><\/b><span style=\"mso-spacerun:'yes';font-family:'Times New Roman';font-size:12.0000pt;mso-font-kerning:0.0000pt;\"><o:p><\/o:p><\/span><\/p><p><span style=\"mso-spacerun:'yes';font-family:'Times New Roman';font-size:12.0000pt;mso-font-kerning:0.0000pt;\">Chaufflor ergreift geeignete Ma\u00dfnahmen zum Schutz und zur Sicherheit Ihrer Daten, unter anderem durch den Einsatz verschiedener Hardware- und Softwaremethoden. Chaufflor kann jedoch die Sicherheit online offengelegter Informationen nicht garantieren.<\/span><span style=\"mso-spacerun:'yes';font-family:'Times New Roman';font-size:12.0000pt;mso-font-kerning:0.0000pt;\"><o:p><\/o:p><\/span><\/p><p><b><span style=\"font-family: &quot;Times New Roman&quot;;\">4. ANDERE WEBSITES<\/span><\/b><span style=\"mso-spacerun:'yes';font-family:'Times New Roman';font-size:12.0000pt;mso-font-kerning:0.0000pt;\"><o:p><\/o:p><\/span><\/p><p><span style=\"mso-spacerun:'yes';font-family:'Times New Roman';font-size:12.0000pt;mso-font-kerning:0.0000pt;\">Chaufflor ist nicht verantwortlich f\u00fcr die Datenschutzrichtlinien von Websites, auf die verlinkt wird. Wenn Sie Informationen an solche Drittanbieter weitergeben, gelten m\u00f6glicherweise andere Regeln bez\u00fcglich der Erfassung und Verwendung Ihrer pers\u00f6nlichen Daten. Wir empfehlen Ihnen dringend, die Datenschutzrichtlinien dieser Drittanbieter zu lesen, bevor Sie ihnen Daten zur Verf\u00fcgung stellen. Wir sind nicht verantwortlich f\u00fcr die Richtlinien oder Praktiken von Drittanbietern. Bitte beachten Sie, dass unsere Website Links zu anderen Websites im Internet enthalten kann, die Eigentum von Drittanbietern sind und von diesen betrieben werden. Die Informationspraktiken dieser mit unserer Website verlinkten Websites fallen nicht unter diese Richtlinie. Diese anderen Websites senden m\u00f6glicherweise eigene Cookies oder Clear GIFs an Benutzer, sammeln Daten oder erfragen personenbezogene Daten. Wir haben keinen Einfluss auf diese Datenerfassung. Sie sollten sich direkt an diese Unternehmen wenden, wenn Sie Fragen zur Verwendung der von ihnen gesammelten Informationen haben.<\/span><span style=\"mso-spacerun:'yes';font-family:'Times New Roman';font-size:12.0000pt;mso-font-kerning:0.0000pt;\"><o:p><\/o:p><\/span><\/p><p><b><span style=\"font-family: &quot;Times New Roman&quot;;\">MINDERJ\u00c4HRIGE<\/span><\/b><span style=\"mso-spacerun:'yes';font-family:'Times New Roman';font-size:12.0000pt;mso-font-kerning:0.0000pt;\"><o:p><\/o:p><\/span><\/p><p><span style=\"mso-spacerun:'yes';font-family:'Times New Roman';font-size:12.0000pt;mso-font-kerning:0.0000pt;\">Chaufflor erhebt wissentlich keine personenbezogenen Daten von Minderj\u00e4hrigen unter 18 Jahren. Minderj\u00e4hrigen ist die Nutzung der Chaufflor-Website und -Dienste nicht gestattet. Chaufflor bittet Minderj\u00e4hrige unter 18 Jahren, keine personenbezogenen Daten an die Website zu \u00fcbermitteln. Da keine Daten von Minderj\u00e4hrigen unter 18 Jahren erhoben werden, gibt Chaufflor wissentlich keine personenbezogenen Daten von Minderj\u00e4hrigen unter 18 Jahren weiter.<\/span><span style=\"mso-spacerun:'yes';font-family:'Times New Roman';font-size:12.0000pt;mso-font-kerning:0.0000pt;\"><o:p><\/o:p><\/span><\/p><p><b><span style=\"font-family: &quot;Times New Roman&quot;;\">KORREKTUREN UND AKTUALISIERUNGEN<\/span><\/b><span style=\"mso-spacerun:'yes';font-family:'Times New Roman';font-size:12.0000pt;mso-font-kerning:0.0000pt;\"><o:p><\/o:p><\/span><\/p><p><span style=\"mso-spacerun:'yes';font-family:'Times New Roman';font-size:12.0000pt;mso-font-kerning:0.0000pt;\">Wenn Sie Informationen \u00e4ndern oder aktualisieren m\u00f6chten, die Chaufflor erhalten hat, wenden Sie sich bitte an <\/span><span style=\"mso-spacerun:'yes';font-family:'Times New Roman';font-size:12.0000pt;mso-font-kerning:0.0000pt;\">Buchung<\/span><span style=\"mso-spacerun:'yes';font-family:'Times New Roman';font-size:12.0000pt;mso-font-kerning:0.0000pt;\">@chaufflor.com.<\/span><span style=\"mso-spacerun:'yes';font-family:'Times New Roman';font-size:12.0000pt;mso-font-kerning:0.0000pt;\"><o:p><\/o:p><\/span><\/p><p><b><span style=\"font-family: &quot;Times New Roman&quot;;\">5. \u00c4NDERUNGEN DER DATENSCHUTZERKL\u00c4RUNG<\/span><\/b><span style=\"mso-spacerun:'yes';font-family:'Times New Roman';font-size:12.0000pt;mso-font-kerning:0.0000pt;\"><o:p><\/o:p><\/span><\/p><p><span style=\"mso-spacerun:'yes';font-family:'Times New Roman';font-size:12.0000pt;mso-font-kerning:0.0000pt;\">Die Website-Richtlinien und Allgemeinen Gesch\u00e4ftsbedingungen werden gelegentlich ge\u00e4ndert oder aktualisiert, um den Anforderungen und Standards gerecht zu werden. Daher wird den Kunden empfohlen, diese Abschnitte regelm\u00e4\u00dfig zu besuchen, um \u00fcber \u00c4nderungen auf der Website auf dem Laufenden zu bleiben. \u00c4nderungen treten am Tag ihrer Ver\u00f6ffentlichung in Kraft.<\/span><\/p>\t\t\t\t\t\t\t\t<\/div>\n\t\t\t\t<\/div>\n\t\t\t\t\t<\/div>\n\t\t\t\t<\/div>\n\t\t\t\t<\/div>","protected":false},"excerpt":{"rendered":"<p>INFORMATION GATHERED BY Chaufflor This is Chaufflor (\u00a0https:\/\/chaufflor.com\/\u00a0) online privacy policy (&#8220;Policy&#8221;). This policy applies only to activities Chaufflor engages [&hellip;]<\/p>\n","protected":false},"author":2,"featured_media":0,"parent":0,"menu_order":0,"comment_status":"closed","ping_status":"closed","template":"","meta":{"site-sidebar-layout":"default","site-content-layout":"","ast-site-content-layout":"default","site-content-style":"default","site-sidebar-style":"default","ast-global-header-display":"","ast-banner-title-visibility":"","ast-main-header-display":"","ast-hfb-above-header-display":"","ast-hfb-below-header-display":"","ast-hfb-mobile-header-display":"","site-post-title":"","ast-breadcrumbs-content":"","ast-featured-img":"","footer-sml-layout":"","ast-disable-related-posts":"","theme-transparent-header-meta":"default","adv-header-id-meta":"","stick-header-meta":"default","header-above-stick-meta":"","header-main-stick-meta":"","header-below-stick-meta":"","astra-migrate-meta-layouts":"set","ast-page-background-enabled":"default","ast-page-background-meta":{"desktop":{"background-color":"","background-image":"","background-repeat":"repeat","background-position":"center center","background-size":"auto","background-attachment":"scroll","background-type":"","background-media":"","overlay-type":"","overlay-color":"","overlay-opacity":"","overlay-gradient":""},"tablet":{"background-color":"","background-image":"","background-repeat":"repeat","background-position":"center center","background-size":"auto","background-attachment":"scroll","background-type":"","background-media":"","overlay-type":"","overlay-color":"","overlay-opacity":"","overlay-gradient":""},"mobile":{"background-color":"","background-image":"","background-repeat":"repeat","background-position":"center center","background-size":"auto","background-attachment":"scroll","background-type":"","background-media":"","overlay-type":"","overlay-color":"","overlay-opacity":"","overlay-gradient":""}},"ast-content-background-meta":{"desktop":{"background-color":"var(--ast-global-color-5)","background-image":"","background-repeat":"repeat","background-position":"center center","background-size":"auto","background-attachment":"scroll","background-type":"","background-media":"","overlay-type":"","overlay-color":"","overlay-opacity":"","overlay-gradient":""},"tablet":{"background-color":"var(--ast-global-color-5)","background-image":"","background-repeat":"repeat","background-position":"center center","background-size":"auto","background-attachment":"scroll","background-type":"","background-media":"","overlay-type":"","overlay-color":"","overlay-opacity":"","overlay-gradient":""},"mobile":{"background-color":"var(--ast-global-color-5)","background-image":"","background-repeat":"repeat","background-position":"center center","background-size":"auto","background-attachment":"scroll","background-type":"","background-media":"","overlay-type":"","overlay-color":"","overlay-opacity":"","overlay-gradient":""}},"footnotes":""},"class_list":["post-3","page","type-page","status-publish","hentry"],"_links":{"self":[{"href":"https:\/\/chaufflor.com\/de\/wp-json\/wp\/v2\/pages\/3","targetHints":{"allow":["GET"]}}],"collection":[{"href":"https:\/\/chaufflor.com\/de\/wp-json\/wp\/v2\/pages"}],"about":[{"href":"https:\/\/chaufflor.com\/de\/wp-json\/wp\/v2\/types\/page"}],"author":[{"embeddable":true,"href":"https:\/\/chaufflor.com\/de\/wp-json\/wp\/v2\/users\/2"}],"replies":[{"embeddable":true,"href":"https:\/\/chaufflor.com\/de\/wp-json\/wp\/v2\/comments?post=3"}],"version-history":[{"count":0,"href":"https:\/\/chaufflor.com\/de\/wp-json\/wp\/v2\/pages\/3\/revisions"}],"wp:attachment":[{"href":"https:\/\/chaufflor.com\/de\/wp-json\/wp\/v2\/media?parent=3"}],"curies":[{"name":"wp","href":"https:\/\/api.w.org\/{rel}","templated":true}]}}