{"id":2587,"date":"2024-01-20T12:53:29","date_gmt":"2024-01-20T12:53:29","guid":{"rendered":"https:\/\/chaufflor.com\/?page_id=2587"},"modified":"2025-01-23T09:26:26","modified_gmt":"2025-01-23T09:26:26","slug":"frequently-asked-questions","status":"publish","type":"page","link":"https:\/\/chaufflor.com\/de\/frequently-asked-questions\/","title":{"rendered":"H\u00e4ufig gestellte Fragen"},"content":{"rendered":"<div data-elementor-type=\"wp-page\" data-elementor-id=\"2587\" class=\"elementor elementor-2587\" data-elementor-post-type=\"page\">\n\t\t\t\t<div class=\"elementor-element elementor-element-0e3a8da e-flex e-con-boxed e-con e-parent\" data-id=\"0e3a8da\" data-element_type=\"container\" data-e-type=\"container\" data-settings=\"{&quot;background_background&quot;:&quot;classic&quot;}\">\n\t\t\t\t\t<div class=\"e-con-inner\">\n\t\t<div class=\"elementor-element elementor-element-2a12004 e-con-full e-flex e-con e-child\" data-id=\"2a12004\" data-element_type=\"container\" data-e-type=\"container\">\n\t\t<div class=\"elementor-element elementor-element-511262e e-con-full e-flex e-con e-child\" data-id=\"511262e\" data-element_type=\"container\" data-e-type=\"container\">\n\t\t<div class=\"elementor-element elementor-element-148312d e-flex e-con-boxed e-con e-child\" data-id=\"148312d\" data-element_type=\"container\" data-e-type=\"container\">\n\t\t\t\t\t<div class=\"e-con-inner\">\n\t\t\t\t<div class=\"elementor-element elementor-element-708d7e6 elementor-widget elementor-widget-heading\" data-id=\"708d7e6\" data-element_type=\"widget\" data-e-type=\"widget\" data-widget_type=\"heading.default\">\n\t\t\t\t<div class=\"elementor-widget-container\">\n\t\t\t\t\t<h1 class=\"elementor-heading-title elementor-size-default\">H\u00e4ufig gestellte Fragen<\/h1>\t\t\t\t<\/div>\n\t\t\t\t<\/div>\n\t\t\t\t\t<\/div>\n\t\t\t\t<\/div>\n\t\t\t\t<\/div>\n\t\t\t\t<\/div>\n\t\t\t\t\t<\/div>\n\t\t\t\t<\/div>\n\t\t<div class=\"elementor-element elementor-element-dfe24b4 e-flex e-con-boxed e-con e-parent\" data-id=\"dfe24b4\" data-element_type=\"container\" data-e-type=\"container\" data-settings=\"{&quot;background_background&quot;:&quot;classic&quot;}\">\n\t\t\t\t\t<div class=\"e-con-inner\">\n\t\t<div class=\"elementor-element elementor-element-9b8c8e7 e-flex e-con-boxed e-con e-child\" data-id=\"9b8c8e7\" data-element_type=\"container\" data-e-type=\"container\" data-settings=\"{&quot;background_background&quot;:&quot;classic&quot;}\">\n\t\t\t\t\t<div class=\"e-con-inner\">\n\t\t\t\t<div class=\"elementor-element elementor-element-de89e8f elementor-widget__width-initial elementor-widget elementor-widget-jet-accordion\" data-id=\"de89e8f\" data-element_type=\"widget\" data-e-type=\"widget\" data-widget_type=\"jet-accordion.default\">\n\t\t\t\t<div class=\"elementor-widget-container\">\n\t\t\t\t\t\t\t\t\t<div class=\"jet-accordion\" data-settings=\"{&quot;collapsible&quot;:true,&quot;ajaxTemplate&quot;:false,&quot;switchScrolling&quot;:false,&quot;switchScrollingOffset&quot;:0,&quot;switchScrollingDelay&quot;:500}\">\n\t\t\t<div class=\"jet-accordion__inner\">\n\t\t\t\t<div class=\"jet-accordion__item jet-toggle jet-toggle-move-up-effect\">\n\t\t\t\t\t\t\t<div id=\"jet-toggle-control-2331\" class=\"jet-toggle__control elementor-menu-anchor\" data-toggle=\"1\" role=\"button\" tabindex=\"0\" aria-controls=\"jet-toggle-content-2331\" aria-expanded=\"false\" data-template-id=\"2560\">\n\t\t\t\t\t\t\t\t<div class=\"jet-toggle__label-text\">Stellen Sie bei Mietwagen Kindersitze zur Verf\u00fcgung?<\/div>\t\t\t\t\t\t\t<\/div>\n\t\t\t\t\t\t\t<div id=\"jet-toggle-content-2331\" class=\"jet-toggle__content\" data-toggle=\"1\" role=\"region\" data-template-id=\"2560\">\n\t\t\t\t\t\t\t\t<div class=\"jet-toggle__content-inner\">Selbstverst\u00e4ndlich sorgen hochwertige und altersgerechte Kindersitze f\u00fcr die Sicherheit beim Transfer. Bitte informieren Sie sich vorab \u00fcber Gr\u00f6\u00dfe und Alter.<\/div>\n\t\t\t\t\t\t\t<\/div>\n\t\t\t\t\t\t<\/div><div class=\"jet-accordion__item jet-toggle jet-toggle-move-up-effect\">\n\t\t\t\t\t\t\t<div id=\"jet-toggle-control-2332\" class=\"jet-toggle__control elementor-menu-anchor\" data-toggle=\"2\" role=\"button\" tabindex=\"0\" aria-controls=\"jet-toggle-content-2332\" aria-expanded=\"false\" data-template-id=\"2560\">\n\t\t\t\t\t\t\t\t<div class=\"jet-toggle__label-text\">Kann ich Ihren Chauffeur-Service f\u00fcr einen Monatstarif buchen?<\/div>\t\t\t\t\t\t\t<\/div>\n\t\t\t\t\t\t\t<div id=\"jet-toggle-content-2332\" class=\"jet-toggle__content\" data-toggle=\"2\" role=\"region\" data-template-id=\"2560\">\n\t\t\t\t\t\t\t\t<div class=\"jet-toggle__content-inner\">Ja, wir bieten ma\u00dfgeschneiderte monatliche Mietvertr\u00e4ge f\u00fcr Fahrzeuge mit Chauffeur f\u00fcr regelm\u00e4\u00dfige Flughafentransfers, Fahrten zur Arbeit oder andere wiederkehrende Fahrten nach vorheriger Buchung an.<\/div>\n\t\t\t\t\t\t\t<\/div>\n\t\t\t\t\t\t<\/div><div class=\"jet-accordion__item jet-toggle jet-toggle-move-up-effect\">\n\t\t\t\t\t\t\t<div id=\"jet-toggle-control-2333\" class=\"jet-toggle__control elementor-menu-anchor\" data-toggle=\"3\" role=\"button\" tabindex=\"0\" aria-controls=\"jet-toggle-content-2333\" aria-expanded=\"false\" data-template-id=\"2560\">\n\t\t\t\t\t\t\t\t<div class=\"jet-toggle__label-text\">Kann ich Ihren Chauffeurservice f\u00fcr eine W\u00fcstensafari nutzen?<\/div>\t\t\t\t\t\t\t<\/div>\n\t\t\t\t\t\t\t<div id=\"jet-toggle-content-2333\" class=\"jet-toggle__content\" data-toggle=\"3\" role=\"region\" data-template-id=\"2560\">\n\t\t\t\t\t\t\t\t<div class=\"jet-toggle__content-inner\">Wir bieten Ihnen auf jeden Fall einen zuverl\u00e4ssigen Transport zu den besten W\u00fcstensafari-Camps in Dubai. Komfortable Fahrzeuge mit Klimaanlage sorgen daf\u00fcr, dass Sie stilvoll reisen.<\/div>\n\t\t\t\t\t\t\t<\/div>\n\t\t\t\t\t\t<\/div><div class=\"jet-accordion__item jet-toggle jet-toggle-move-up-effect\">\n\t\t\t\t\t\t\t<div id=\"jet-toggle-control-2334\" class=\"jet-toggle__control elementor-menu-anchor\" data-toggle=\"4\" role=\"button\" tabindex=\"0\" aria-controls=\"jet-toggle-content-2334\" aria-expanded=\"false\" data-template-id=\"2560\">\n\t\t\t\t\t\t\t\t<div class=\"jet-toggle__label-text\">Kann die Zahlung in bar erfolgen?<\/div>\t\t\t\t\t\t\t<\/div>\n\t\t\t\t\t\t\t<div id=\"jet-toggle-content-2334\" class=\"jet-toggle__content\" data-toggle=\"4\" role=\"region\" data-template-id=\"2560\">\n\t\t\t\t\t\t\t\t<div class=\"jet-toggle__content-inner\">Ja, wir akzeptieren Barzahlungen in AED oder USD gem\u00e4\u00df den angegebenen Kursen. Quittungen werden ausgestellt. Kreditkarten und digitale Zahlungen werden ebenfalls akzeptiert.<\/div>\n\t\t\t\t\t\t\t<\/div>\n\t\t\t\t\t\t<\/div><div class=\"jet-accordion__item jet-toggle jet-toggle-move-up-effect\">\n\t\t\t\t\t\t\t<div id=\"jet-toggle-control-2335\" class=\"jet-toggle__control elementor-menu-anchor\" data-toggle=\"5\" role=\"button\" tabindex=\"0\" aria-controls=\"jet-toggle-content-2335\" aria-expanded=\"false\" data-template-id=\"2560\">\n\t\t\t\t\t\t\t\t<div class=\"jet-toggle__label-text\">Sprechen Ihre Chauffeure Englisch?<\/div>\t\t\t\t\t\t\t<\/div>\n\t\t\t\t\t\t\t<div id=\"jet-toggle-content-2335\" class=\"jet-toggle__content\" data-toggle=\"5\" role=\"region\" data-template-id=\"2560\">\n\t\t\t\t\t\t\t\t<div class=\"jet-toggle__content-inner\">Ja, alle unsere Chauffeure durchlaufen eine strenge Ausbildung und sprechen flie\u00dfend Englisch sowie Arabisch und einige andere Sprachen wie Urdu, Hindi usw.<\/div>\n\t\t\t\t\t\t\t<\/div>\n\t\t\t\t\t\t<\/div><div class=\"jet-accordion__item jet-toggle jet-toggle-move-up-effect\">\n\t\t\t\t\t\t\t<div id=\"jet-toggle-control-2336\" class=\"jet-toggle__control elementor-menu-anchor\" data-toggle=\"6\" role=\"button\" tabindex=\"0\" aria-controls=\"jet-toggle-content-2336\" aria-expanded=\"false\" data-template-id=\"2560\">\n\t\t\t\t\t\t\t\t<div class=\"jet-toggle__label-text\">Wie werden Ihre Chauffeure auf Zuverl\u00e4ssigkeit und Sicherheit \u00fcberpr\u00fcft?<\/div>\t\t\t\t\t\t\t<\/div>\n\t\t\t\t\t\t\t<div id=\"jet-toggle-content-2336\" class=\"jet-toggle__content\" data-toggle=\"6\" role=\"region\" data-template-id=\"2560\">\n\t\t\t\t\t\t\t\t<div class=\"jet-toggle__content-inner\">Wir f\u00fchren umfassende Hintergrundpr\u00fcfungen, Screenings, \u00dcberpr\u00fcfungen der Qualifikationen und Fahrausweise durch, bevor wir Chauffeure einstellen. Sie absolvieren au\u00dferdem ein Kundenservice- und Fahrsicherheitstraining.<\/div>\n\t\t\t\t\t\t\t<\/div>\n\t\t\t\t\t\t<\/div><div class=\"jet-accordion__item jet-toggle jet-toggle-move-up-effect\">\n\t\t\t\t\t\t\t<div id=\"jet-toggle-control-2337\" class=\"jet-toggle__control elementor-menu-anchor\" data-toggle=\"7\" role=\"button\" tabindex=\"0\" aria-controls=\"jet-toggle-content-2337\" aria-expanded=\"false\" data-template-id=\"2560\">\n\t\t\t\t\t\t\t\t<div class=\"jet-toggle__label-text\">Wie weit im Voraus sollte ich Reisen nach Abu Dhabi oder dar\u00fcber hinaus buchen?<\/div>\t\t\t\t\t\t\t<\/div>\n\t\t\t\t\t\t\t<div id=\"jet-toggle-content-2337\" class=\"jet-toggle__content\" data-toggle=\"7\" role=\"region\" data-template-id=\"2560\">\n\t\t\t\t\t\t\t\t<div class=\"jet-toggle__content-inner\">Wir empfehlen, Reisen zwischen Emiraten mindestens 48 Stunden im Voraus zu buchen. Wenn m\u00f6glich, weniger, um eine reibungslose Planung von Fahrzeugen, Fahrern und Genehmigungen zu gew\u00e4hrleisten.<\/div>\n\t\t\t\t\t\t\t<\/div>\n\t\t\t\t\t\t<\/div><div class=\"jet-accordion__item jet-toggle jet-toggle-move-up-effect\">\n\t\t\t\t\t\t\t<div id=\"jet-toggle-control-2338\" class=\"jet-toggle__control elementor-menu-anchor\" data-toggle=\"8\" role=\"button\" tabindex=\"0\" aria-controls=\"jet-toggle-content-2338\" aria-expanded=\"false\" data-template-id=\"2560\">\n\t\t\t\t\t\t\t\t<div class=\"jet-toggle__label-text\">Welche Zusatzleistungen erbringt der Chauffeur?<\/div>\t\t\t\t\t\t\t<\/div>\n\t\t\t\t\t\t\t<div id=\"jet-toggle-content-2338\" class=\"jet-toggle__content\" data-toggle=\"8\" role=\"region\" data-template-id=\"2560\">\n\t\t\t\t\t\t\t\t<div class=\"jet-toggle__content-inner\">Zu den Dienstleistungen geh\u00f6ren die Abholung\/Abgabe von T\u00fcr zu T\u00fcr, Flug\u00fcberwachung und Meet &amp; Greet an Flugh\u00e4fen, Empfang mit rotem Teppich, Hilfe beim Gep\u00e4ck, Erfrischungen, WLAN-Zugang w\u00e4hrend der Reise usw.<\/div>\n\t\t\t\t\t\t\t<\/div>\n\t\t\t\t\t\t<\/div><div class=\"jet-accordion__item jet-toggle jet-toggle-move-up-effect\">\n\t\t\t\t\t\t\t<div id=\"jet-toggle-control-2339\" class=\"jet-toggle__control elementor-menu-anchor\" data-toggle=\"9\" role=\"button\" tabindex=\"0\" aria-controls=\"jet-toggle-content-2339\" aria-expanded=\"false\" data-template-id=\"2560\">\n\t\t\t\t\t\t\t\t<div class=\"jet-toggle__label-text\">Wie l\u00e4uft der Ablauf bei Last-Minute-Buchungen ab?<\/div>\t\t\t\t\t\t\t<\/div>\n\t\t\t\t\t\t\t<div id=\"jet-toggle-content-2339\" class=\"jet-toggle__content\" data-toggle=\"9\" role=\"region\" data-template-id=\"2560\">\n\t\t\t\t\t\t\t\t<div class=\"jet-toggle__content-inner\">Wir verf\u00fcgen \u00fcber ein engagiertes Team f\u00fcr die Bearbeitung dringender Buchungen. Sofern ein Fahrzeug verf\u00fcgbar ist, k\u00f6nnen wir kurzfristig Flughafentransfers oder Fahrten vor Ort organisieren.<\/div>\n\t\t\t\t\t\t\t<\/div>\n\t\t\t\t\t\t<\/div><div class=\"jet-accordion__item jet-toggle jet-toggle-move-up-effect\">\n\t\t\t\t\t\t\t<div id=\"jet-toggle-control-23310\" class=\"jet-toggle__control elementor-menu-anchor\" data-toggle=\"10\" role=\"button\" tabindex=\"0\" aria-controls=\"jet-toggle-content-23310\" aria-expanded=\"false\" data-template-id=\"2560\">\n\t\t\t\t\t\t\t\t<div class=\"jet-toggle__label-text\">Welche Fahrzeuge bieten Sie f\u00fcr Ihren Chauffeurservice an?<\/div>\t\t\t\t\t\t\t<\/div>\n\t\t\t\t\t\t\t<div id=\"jet-toggle-content-23310\" class=\"jet-toggle__content\" data-toggle=\"10\" role=\"region\" data-template-id=\"2560\">\n\t\t\t\t\t\t\t\t<div class=\"jet-toggle__content-inner\">Wir bieten Luxusfahrzeuge wie Mercedes S-Klasse, BMW 7er, Audi A8, Range Rover und Rolls Royce. Wir haben Limousinen, SUVs, Vans und Luxusbusse in unserer Flotte.<\/div>\n\t\t\t\t\t\t\t<\/div>\n\t\t\t\t\t\t<\/div>\t\t\t<\/div>\n\t\t<\/div>\n\t\t\t\t\t\t<\/div>\n\t\t\t\t<\/div>\n\t\t\t\t\t<\/div>\n\t\t\t\t<\/div>\n\t\t\t\t\t<\/div>\n\t\t\t\t<\/div>\n\t\t\t\t<\/div>","protected":false},"excerpt":{"rendered":"","protected":false},"author":2,"featured_media":0,"parent":0,"menu_order":0,"comment_status":"closed","ping_status":"closed","template":"","meta":{"site-sidebar-layout":"no-sidebar","site-content-layout":"page-builder","ast-site-content-layout":"full-width-container","site-content-style":"default","site-sidebar-style":"default","ast-global-header-display":"","ast-banner-title-visibility":"","ast-main-header-display":"","ast-hfb-above-header-display":"","ast-hfb-below-header-display":"","ast-hfb-mobile-header-display":"","site-post-title":"disabled","ast-breadcrumbs-content":"","ast-featured-img":"disabled","footer-sml-layout":"","ast-disable-related-posts":"","theme-transparent-header-meta":"default","adv-header-id-meta":"","stick-header-meta":"default","header-above-stick-meta":"","header-main-stick-meta":"","header-below-stick-meta":"","astra-migrate-meta-layouts":"set","ast-page-background-enabled":"default","ast-page-background-meta":{"desktop":{"background-color":"","background-image":"","background-repeat":"repeat","background-position":"center center","background-size":"auto","background-attachment":"scroll","background-type":"","background-media":"","overlay-type":"","overlay-color":"","overlay-opacity":"","overlay-gradient":""},"tablet":{"background-color":"","background-image":"","background-repeat":"repeat","background-position":"center center","background-size":"auto","background-attachment":"scroll","background-type":"","background-media":"","overlay-type":"","overlay-color":"","overlay-opacity":"","overlay-gradient":""},"mobile":{"background-color":"","background-image":"","background-repeat":"repeat","background-position":"center center","background-size":"auto","background-attachment":"scroll","background-type":"","background-media":"","overlay-type":"","overlay-color":"","overlay-opacity":"","overlay-gradient":""}},"ast-content-background-meta":{"desktop":{"background-color":"var(--ast-global-color-5)","background-image":"","background-repeat":"repeat","background-position":"center center","background-size":"auto","background-attachment":"scroll","background-type":"","background-media":"","overlay-type":"","overlay-color":"","overlay-opacity":"","overlay-gradient":""},"tablet":{"background-color":"var(--ast-global-color-5)","background-image":"","background-repeat":"repeat","background-position":"center center","background-size":"auto","background-attachment":"scroll","background-type":"","background-media":"","overlay-type":"","overlay-color":"","overlay-opacity":"","overlay-gradient":""},"mobile":{"background-color":"var(--ast-global-color-5)","background-image":"","background-repeat":"repeat","background-position":"center center","background-size":"auto","background-attachment":"scroll","background-type":"","background-media":"","overlay-type":"","overlay-color":"","overlay-opacity":"","overlay-gradient":""}},"footnotes":""},"class_list":["post-2587","page","type-page","status-publish","hentry"],"_links":{"self":[{"href":"https:\/\/chaufflor.com\/de\/wp-json\/wp\/v2\/pages\/2587","targetHints":{"allow":["GET"]}}],"collection":[{"href":"https:\/\/chaufflor.com\/de\/wp-json\/wp\/v2\/pages"}],"about":[{"href":"https:\/\/chaufflor.com\/de\/wp-json\/wp\/v2\/types\/page"}],"author":[{"embeddable":true,"href":"https:\/\/chaufflor.com\/de\/wp-json\/wp\/v2\/users\/2"}],"replies":[{"embeddable":true,"href":"https:\/\/chaufflor.com\/de\/wp-json\/wp\/v2\/comments?post=2587"}],"version-history":[{"count":0,"href":"https:\/\/chaufflor.com\/de\/wp-json\/wp\/v2\/pages\/2587\/revisions"}],"wp:attachment":[{"href":"https:\/\/chaufflor.com\/de\/wp-json\/wp\/v2\/media?parent=2587"}],"curies":[{"name":"wp","href":"https:\/\/api.w.org\/{rel}","templated":true}]}}